{"id":48,"date":"2021-04-24T19:51:32","date_gmt":"2021-04-24T17:51:32","guid":{"rendered":"https:\/\/pizzaphone.hu\/kiskoros\/fiokom\/"},"modified":"2025-03-17T09:05:46","modified_gmt":"2025-03-17T08:05:46","slug":"fiokom","status":"publish","type":"page","link":"https:\/\/pizzaphone.hu\/kiskoros\/fiokom\/","title":{"rendered":"Felhaszn\u00e1l\u00f3i fi\u00f3k"},"content":{"rendered":"\t\t<div data-elementor-type=\"wp-page\" data-elementor-id=\"48\" class=\"elementor elementor-48\">\n\t\t\t\t<div class=\"elementor-element elementor-element-a49a5a2 e-flex e-con-boxed wpr-particle-no wpr-jarallax-no wpr-parallax-no wpr-sticky-section-no e-con e-parent\" data-id=\"a49a5a2\" data-element_type=\"container\" data-e-type=\"container\" data-settings=\"{&quot;background_background&quot;:&quot;classic&quot;}\">\n\t\t\t\t\t<div class=\"e-con-inner\">\n\t\t\t\t<div class=\"elementor-element elementor-element-96385dd elementor-widget elementor-widget-heading\" data-id=\"96385dd\" data-element_type=\"widget\" data-e-type=\"widget\" data-widget_type=\"heading.default\">\n\t\t\t\t<div class=\"elementor-widget-container\">\n\t\t\t\t\t<h2 class=\"elementor-heading-title elementor-size-default\">SAJ\u00c1T FI\u00d3K<\/h2>\t\t\t\t<\/div>\n\t\t\t\t<\/div>\n\t\t\t\t\t<\/div>\n\t\t\t\t<\/div>\n\t\t<div data-wpr-sticky-section=\"yes\" data-wpr-position-type=\"sticky\" data-wpr-position-offset=\"0\" data-wpr-position-location=\"top\" data-wpr-sticky-devices=\"mobile_sticky tablet_sticky\" data-wpr-custom-breakpoints=\"\" data-wpr-active-breakpoints=\"mobile_sticky tablet_sticky laptop_sticky desktop_sticky\" data-wpr-z-index=\"1\" data-wpr-sticky-hide=\"no\" data-wpr-replace-header=\"\" data-wpr-animation-duration=\"\" data-wpr-sticky-type=\"fixed\" class=\"elementor-element elementor-element-7cf741c wpr-sticky-section-yes e-flex e-con-boxed wpr-particle-no wpr-jarallax-no wpr-parallax-no wpr-sticky-custom-height-no wpr-sticky-custom-colors-no wpr-sticky-scale-logo-no e-con e-parent\" data-id=\"7cf741c\" data-element_type=\"container\" data-e-type=\"container\" data-settings=\"{&quot;background_background&quot;:&quot;classic&quot;,&quot;position_offset_mobile&quot;:1,&quot;wpr_sticky_effects_offset_mobile&quot;:200,&quot;position_offset&quot;:0,&quot;position_offset_laptop&quot;:0,&quot;position_offset_tablet&quot;:0,&quot;wpr_sticky_effects_offset&quot;:0,&quot;wpr_sticky_effects_offset_laptop&quot;:0,&quot;wpr_sticky_effects_offset_tablet&quot;:0}\">\n\t\t\t\t\t<div class=\"e-con-inner\">\n\t\t\t\t<div class=\"elementor-element elementor-element-f5cc692 wpr-main-menu-align--mobilecenter wpr-mobile-menu-display-offcanvas wpr-main-menu-align-left wpr-main-menu-align--laptopleft wpr-main-menu-align--tabletleft wpr-pointer-underline wpr-pointer-line-fx wpr-pointer-fx-fade wpr-sub-icon-caret-down wpr-sub-menu-fx-fade wpr-nav-menu-bp-tablet wpr-mobile-menu-offcanvas-slide-left wpr-sub-divider-yes elementor-widget elementor-widget-wpr-mega-menu\" data-id=\"f5cc692\" data-element_type=\"widget\" data-e-type=\"widget\" data-settings=\"{&quot;menu_layout&quot;:&quot;horizontal&quot;}\" data-widget_type=\"wpr-mega-menu.default\">\n\t\t\t\t<div class=\"elementor-widget-container\">\n\t\t\t\t\t<nav class=\"wpr-nav-menu-container wpr-mega-menu-container wpr-nav-menu-horizontal\" data-trigger=\"hover\"><ul id=\"menu-1-f5cc692\" class=\"wpr-nav-menu wpr-mega-menu\"><li class=\"menu-item menu-item-type-custom menu-item-object-custom menu-item-4733\"><a href=\"https:\/\/pizzaphone.hu\/kiskoros\/fiokom\" class=\"wpr-menu-item wpr-pointer-item menu-link\"><span>Profil<\/span><\/a><\/li>\n<li class=\"menu-item menu-item-type-custom menu-item-object-custom menu-item-4734\"><a href=\"https:\/\/pizzaphone.hu\/kiskoros\/fiokom\/edit-account\/\" class=\"wpr-menu-item wpr-pointer-item menu-link\"><span>Adatok m\u00f3dos\u00edt\u00e1sa<\/span><\/a><\/li>\n<li class=\"menu-item menu-item-type-custom menu-item-object-custom menu-item-5257\"><a href=\"https:\/\/pizzaphone.hu\/kiskoros\/fiokom\/orders\/\" class=\"wpr-menu-item wpr-pointer-item menu-link\"><span>Rendel\u00e9sek<\/span><\/a><\/li>\n<li class=\"menu-item menu-item-type-custom menu-item-object-custom menu-item-5258\"><a href=\"https:\/\/pizzaphone.hu\/kiskoros\/fiokom\/edit-address\/\" class=\"wpr-menu-item wpr-pointer-item menu-link\"><span>C\u00edmek<\/span><\/a><\/li>\n<\/ul><\/nav><nav class=\"wpr-mobile-nav-menu-container\"><div class=\"wpr-mobile-toggle-wrap\"><div class=\"wpr-mobile-toggle\"><span class=\"wpr-mobile-toggle-text\">Profil men\u00fc<\/span><span class=\"wpr-mobile-toggle-text\">Profil men\u00fc<\/span><\/div><\/div><div class=\"wpr-mobile-mega-menu-wrap wpr-anim-timing-ease-default\" toggle-backface=\"\"><div class=\"mobile-mega-menu-header\"><i class=\"mobile-mega-menu-close fas fa-times\"><\/i><\/div><ul id=\"mobile-menu-2-f5cc692\" class=\"wpr-mobile-nav-menu wpr-mobile-mega-menu\"><li class=\"menu-item menu-item-type-custom menu-item-object-custom menu-item-4733\"><a href=\"https:\/\/pizzaphone.hu\/kiskoros\/fiokom\" class=\"wpr-mobile-menu-item menu-link\">Profil<\/a><\/li>\n<li class=\"menu-item menu-item-type-custom menu-item-object-custom menu-item-4734\"><a href=\"https:\/\/pizzaphone.hu\/kiskoros\/fiokom\/edit-account\/\" class=\"wpr-mobile-menu-item menu-link\">Adatok m\u00f3dos\u00edt\u00e1sa<\/a><\/li>\n<li class=\"menu-item menu-item-type-custom menu-item-object-custom menu-item-5257\"><a href=\"https:\/\/pizzaphone.hu\/kiskoros\/fiokom\/orders\/\" class=\"wpr-mobile-menu-item menu-link\">Rendel\u00e9sek<\/a><\/li>\n<li class=\"menu-item menu-item-type-custom menu-item-object-custom menu-item-5258\"><a href=\"https:\/\/pizzaphone.hu\/kiskoros\/fiokom\/edit-address\/\" class=\"wpr-mobile-menu-item menu-link\">C\u00edmek<\/a><\/li>\n<\/ul><\/div><div class=\"wpr-mobile-mega-menu-overlay\"><\/div><\/nav>\t\t\t\t<\/div>\n\t\t\t\t<\/div>\n\t\t\t\t\t<\/div>\n\t\t\t\t<\/div>\n\t\t<div class=\"elementor-element elementor-element-2a7b267 e-flex e-con-boxed wpr-particle-no wpr-jarallax-no wpr-parallax-no wpr-sticky-section-no e-con e-parent\" data-id=\"2a7b267\" data-element_type=\"container\" data-e-type=\"container\" data-settings=\"{&quot;background_background&quot;:&quot;classic&quot;}\">\n\t\t\t\t\t<div class=\"e-con-inner\">\n\t\t<div class=\"elementor-element elementor-element-87fb7b0 e-con-full e-flex wpr-particle-no wpr-jarallax-no wpr-parallax-no wpr-sticky-section-no e-con e-child\" data-id=\"87fb7b0\" data-element_type=\"container\" data-e-type=\"container\" data-settings=\"{&quot;background_background&quot;:&quot;classic&quot;}\">\n\t\t\t\t<div class=\"elementor-element elementor-element-5c466af wpr-my-account-tabs-vertical elementor-widget elementor-widget-wpr-my-account-pro\" data-id=\"5c466af\" data-element_type=\"widget\" data-e-type=\"widget\" data-settings=\"{&quot;tab_transition_duration&quot;:0.5}\" data-widget_type=\"wpr-my-account-pro.default\">\n\t\t\t\t<div class=\"elementor-widget-container\">\n\t\t\t\t\t\t\t<div class=\"wpr-my-account-tab wpr-my-account-tab__\">\r\n\t\t\t<div class=\"woocommerce\"><\/div>\t\t<\/div>\r\n\t\t\t\t\t\t<\/div>\n\t\t\t\t<\/div>\n\t\t\t\t<div class=\"elementor-element elementor-element-952717b elementor-hidden-desktop elementor-hidden-tablet elementor-hidden-mobile elementor-widget elementor-widget-heading\" data-id=\"952717b\" data-element_type=\"widget\" data-e-type=\"widget\" data-widget_type=\"heading.default\">\n\t\t\t\t<div class=\"elementor-widget-container\">\n\t\t\t\t\t<h2 class=\"elementor-heading-title elementor-size-default\">Virtu\u00e1lis T\u00f6rzsk\u00e1rtya - Egyszer\u0171en \u00e9s K\u00e9nyelmesen  <\/h2>\t\t\t\t<\/div>\n\t\t\t\t<\/div>\n\t\t\t\t<div class=\"elementor-element elementor-element-78e735f elementor-hidden-desktop elementor-hidden-tablet elementor-hidden-mobile elementor-widget elementor-widget-text-editor\" data-id=\"78e735f\" data-element_type=\"widget\" data-e-type=\"widget\" data-widget_type=\"text-editor.default\">\n\t\t\t\t<div class=\"elementor-widget-container\">\n\t\t\t\t\t\t\t\t\t<p>A QR-k\u00f3d alap\u00fa virtu\u00e1lis t\u00f6rzsk\u00e1rty\u00e1nkat egyel\u0151re kiz\u00e1r\u00f3lag \u00fczlet\u00fcnk kassz\u00e1in\u00e1l haszn\u00e1lhatod. V\u00e1s\u00e1rl\u00e1skor mutasd fel a telefonodon megjelen\u0151 QR-k\u00f3dot a kassz\u00e1snak, \u00e9s \u00e9lvezd a t\u00f6rzsv\u00e1s\u00e1rl\u00f3i kedvezm\u00e9nyeket!<\/p>\t\t\t\t\t\t\t\t<\/div>\n\t\t\t\t<\/div>\n\t\t\t\t<div class=\"elementor-element elementor-element-cf96e44 elementor-hidden-desktop elementor-hidden-tablet elementor-hidden-mobile elementor-widget elementor-widget-heading\" data-id=\"cf96e44\" data-element_type=\"widget\" data-e-type=\"widget\" data-widget_type=\"heading.default\">\n\t\t\t\t<div class=\"elementor-widget-container\">\n\t\t\t\t\t<h2 class=\"elementor-heading-title elementor-size-default\">Hogyan m\u0171k\u00f6dik a Virtu\u00e1lis T\u00f6rzsk\u00e1rtya?  <\/h2>\t\t\t\t<\/div>\n\t\t\t\t<\/div>\n\t\t\t\t<div class=\"elementor-element elementor-element-846a4e6 elementor-hidden-desktop elementor-hidden-tablet elementor-hidden-mobile elementor-widget elementor-widget-text-editor\" data-id=\"846a4e6\" data-element_type=\"widget\" data-e-type=\"widget\" data-widget_type=\"text-editor.default\">\n\t\t\t\t<div class=\"elementor-widget-container\">\n\t\t\t\t\t\t\t\t\t<p>Mentse el virtu\u00e1lis t\u00f6rzsk\u00e1rty\u00e1j\u00e1t a telefonja Wallet alkalmaz\u00e1s\u00e1ba, \u00e9s v\u00e1s\u00e1rl\u00e1skor egyszer\u0171en mutassa fel a kassz\u00e1snak. A QR-k\u00f3d beolvas\u00e1s\u00e1val \u00e9rv\u00e9nyes\u00edthet\u0151ek a kedvezm\u00e9nyek, kuponok, valamint a pont- vagy \u00f6sszeggy\u0171jt\u00e9s.<\/p>\t\t\t\t\t\t\t\t<\/div>\n\t\t\t\t<\/div>\n\t\t\t\t<div class=\"elementor-element elementor-element-bf158de elementor-widget-divider--view-line elementor-widget elementor-widget-divider\" data-id=\"bf158de\" data-element_type=\"widget\" data-e-type=\"widget\" data-widget_type=\"divider.default\">\n\t\t\t\t<div class=\"elementor-widget-container\">\n\t\t\t\t\t\t\t<div class=\"elementor-divider\">\n\t\t\t<span class=\"elementor-divider-separator\">\n\t\t\t\t\t\t<\/span>\n\t\t<\/div>\n\t\t\t\t\t\t<\/div>\n\t\t\t\t<\/div>\n\t\t\t\t<\/div>\n\t\t\t\t\t<\/div>\n\t\t\t\t<\/div>\n\t\t\t\t<\/div>\n\t\t","protected":false},"excerpt":{"rendered":"<p>SAJ\u00c1T FI\u00d3K Profil Adatok m\u00f3dos\u00edt\u00e1sa Rendel\u00e9sek C\u00edmek Kijelentkez\u00e9s Profil men\u00fcProfil men\u00fc Profil Adatok m\u00f3dos\u00edt\u00e1sa Rendel\u00e9sek C\u00edmek Kijelentkez\u00e9s Vez\u00e9rl\u0151pult Orders C\u00edmek Kijelentkez\u00e9s Wishlist \u00dcdv, Szab\u00f3 \u00c1d\u00e1m! (nem Szab\u00f3 \u00c1d\u00e1m? Kijelentkez\u00e9s) A fi\u00f3kj\u00e1ban l\u00e1thatja a legut\u00f3bbi rendel\u00e9seit \u00e9s m\u00f3dos\u00edthatja a jelszav\u00e1t \u00e9s a fi\u00f3k adatait. Virtu\u00e1lis T\u00f6rzsk\u00e1rtya &#8211; Egyszer\u0171en \u00e9s K\u00e9nyelmesen A QR-k\u00f3d alap\u00fa virtu\u00e1lis t\u00f6rzsk\u00e1rty\u00e1nkat egyel\u0151re kiz\u00e1r\u00f3lag \u00fczlet\u00fcnk kassz\u00e1in\u00e1l haszn\u00e1lhatod. V\u00e1s\u00e1rl\u00e1skor mutasd fel a telefonodon megjelen\u0151 QR-k\u00f3dot a kassz\u00e1snak, \u00e9s \u00e9lvezd a t\u00f6rzsv\u00e1s\u00e1rl\u00f3i kedvezm\u00e9nyeket! Hogyan m\u0171k\u00f6dik a Virtu\u00e1lis T\u00f6rzsk\u00e1rtya? Mentse el virtu\u00e1lis t\u00f6rzsk\u00e1rty\u00e1j\u00e1t a telefonja Wallet alkalmaz\u00e1s\u00e1ba, \u00e9s v\u00e1s\u00e1rl\u00e1skor egyszer\u0171en mutassa fel a kassz\u00e1snak. A QR-k\u00f3d beolvas\u00e1s\u00e1val \u00e9rv\u00e9nyes\u00edthet\u0151ek a kedvezm\u00e9nyek, kuponok, valamint a pont- vagy \u00f6sszeggy\u0171jt\u00e9s.<\/p>\n","protected":false},"author":1,"featured_media":0,"parent":0,"menu_order":0,"comment_status":"closed","ping_status":"closed","template":"elementor_canvas","meta":{"_acf_changed":false,"_monsterinsights_skip_tracking":false,"_monsterinsights_sitenote_active":false,"_monsterinsights_sitenote_note":"","_monsterinsights_sitenote_category":0,"site-sidebar-layout":"default","site-content-layout":"","ast-site-content-layout":"default","site-content-style":"default","site-sidebar-style":"default","ast-global-header-display":"","ast-banner-title-visibility":"","ast-main-header-display":"","ast-hfb-above-header-display":"","ast-hfb-below-header-display":"","ast-hfb-mobile-header-display":"","site-post-title":"","ast-breadcrumbs-content":"","ast-featured-img":"","footer-sml-layout":"","ast-disable-related-posts":"","theme-transparent-header-meta":"","adv-header-id-meta":"","stick-header-meta":"","header-above-stick-meta":"","header-main-stick-meta":"","header-below-stick-meta":"","astra-migrate-meta-layouts":"default","ast-page-background-enabled":"default","ast-page-background-meta":{"desktop":{"background-color":"var(--ast-global-color-5)","background-image":"","background-repeat":"repeat","background-position":"center center","background-size":"auto","background-attachment":"scroll","background-type":"","background-media":"","overlay-type":"","overlay-color":"","overlay-opacity":"","overlay-gradient":""},"tablet":{"background-color":"","background-image":"","background-repeat":"repeat","background-position":"center center","background-size":"auto","background-attachment":"scroll","background-type":"","background-media":"","overlay-type":"","overlay-color":"","overlay-opacity":"","overlay-gradient":""},"mobile":{"background-color":"","background-image":"","background-repeat":"repeat","background-position":"center center","background-size":"auto","background-attachment":"scroll","background-type":"","background-media":"","overlay-type":"","overlay-color":"","overlay-opacity":"","overlay-gradient":""}},"ast-content-background-meta":{"desktop":{"background-color":"var(--ast-global-color-4)","background-image":"","background-repeat":"repeat","background-position":"center center","background-size":"auto","background-attachment":"scroll","background-type":"","background-media":"","overlay-type":"","overlay-color":"","overlay-opacity":"","overlay-gradient":""},"tablet":{"background-color":"var(--ast-global-color-4)","background-image":"","background-repeat":"repeat","background-position":"center center","background-size":"auto","background-attachment":"scroll","background-type":"","background-media":"","overlay-type":"","overlay-color":"","overlay-opacity":"","overlay-gradient":""},"mobile":{"background-color":"var(--ast-global-color-4)","background-image":"","background-repeat":"repeat","background-position":"center center","background-size":"auto","background-attachment":"scroll","background-type":"","background-media":"","overlay-type":"","overlay-color":"","overlay-opacity":"","overlay-gradient":""}},"footnotes":""},"class_list":["post-48","page","type-page","status-publish","hentry"],"yoast_head":"<!-- This site is optimized with the Yoast SEO plugin v27.3 - https:\/\/yoast.com\/product\/yoast-seo-wordpress\/ -->\n<title>Felhaszn\u00e1l\u00f3i fi\u00f3k - Pizzaphone Kisk\u0151r\u00f6s<\/title>\n<meta name=\"robots\" content=\"index, follow, max-snippet:-1, max-image-preview:large, max-video-preview:-1\" \/>\n<link rel=\"canonical\" href=\"https:\/\/pizzaphone.hu\/kiskoros\/fiokom\/\" \/>\n<meta property=\"og:locale\" content=\"hu_HU\" \/>\n<meta property=\"og:type\" content=\"article\" \/>\n<meta property=\"og:title\" content=\"Felhaszn\u00e1l\u00f3i fi\u00f3k - Pizzaphone Kisk\u0151r\u00f6s\" \/>\n<meta property=\"og:description\" content=\"SAJ\u00c1T FI\u00d3K Profil Adatok m\u00f3dos\u00edt\u00e1sa Rendel\u00e9sek C\u00edmek Kijelentkez\u00e9s Profil men\u00fcProfil men\u00fc Profil Adatok m\u00f3dos\u00edt\u00e1sa Rendel\u00e9sek C\u00edmek Kijelentkez\u00e9s Vez\u00e9rl\u0151pult Orders C\u00edmek Kijelentkez\u00e9s Wishlist \u00dcdv, Szab\u00f3 \u00c1d\u00e1m! (nem Szab\u00f3 \u00c1d\u00e1m? Kijelentkez\u00e9s) A fi\u00f3kj\u00e1ban l\u00e1thatja a legut\u00f3bbi rendel\u00e9seit \u00e9s m\u00f3dos\u00edthatja a jelszav\u00e1t \u00e9s a fi\u00f3k adatait. Virtu\u00e1lis T\u00f6rzsk\u00e1rtya &#8211; Egyszer\u0171en \u00e9s K\u00e9nyelmesen A QR-k\u00f3d alap\u00fa virtu\u00e1lis t\u00f6rzsk\u00e1rty\u00e1nkat egyel\u0151re kiz\u00e1r\u00f3lag \u00fczlet\u00fcnk kassz\u00e1in\u00e1l haszn\u00e1lhatod. V\u00e1s\u00e1rl\u00e1skor mutasd fel a telefonodon megjelen\u0151 QR-k\u00f3dot a kassz\u00e1snak, \u00e9s \u00e9lvezd a t\u00f6rzsv\u00e1s\u00e1rl\u00f3i kedvezm\u00e9nyeket! Hogyan m\u0171k\u00f6dik a Virtu\u00e1lis T\u00f6rzsk\u00e1rtya? Mentse el virtu\u00e1lis t\u00f6rzsk\u00e1rty\u00e1j\u00e1t a telefonja Wallet alkalmaz\u00e1s\u00e1ba, \u00e9s v\u00e1s\u00e1rl\u00e1skor egyszer\u0171en mutassa fel a kassz\u00e1snak. A QR-k\u00f3d beolvas\u00e1s\u00e1val \u00e9rv\u00e9nyes\u00edthet\u0151ek a kedvezm\u00e9nyek, kuponok, valamint a pont- vagy \u00f6sszeggy\u0171jt\u00e9s.\" \/>\n<meta property=\"og:url\" content=\"https:\/\/pizzaphone.hu\/kiskoros\/fiokom\/\" \/>\n<meta property=\"og:site_name\" content=\"Pizzaphone Kisk\u0151r\u00f6s\" \/>\n<meta property=\"article:publisher\" content=\"https:\/\/www.facebook.com\/pizzaphone.pizzeria.kiskoros\" \/>\n<meta property=\"article:modified_time\" content=\"2025-03-17T08:05:46+00:00\" \/>\n<meta name=\"twitter:card\" content=\"summary_large_image\" \/>\n<meta name=\"twitter:label1\" content=\"Becs\u00fclt olvas\u00e1si id\u0151\" \/>\n\t<meta name=\"twitter:data1\" content=\"1 perc\" \/>\n<script type=\"application\/ld+json\" class=\"yoast-schema-graph\">{\"@context\":\"https:\\\/\\\/schema.org\",\"@graph\":[{\"@type\":\"WebPage\",\"@id\":\"https:\\\/\\\/pizzaphone.hu\\\/kiskoros\\\/fiokom\\\/\",\"url\":\"https:\\\/\\\/pizzaphone.hu\\\/kiskoros\\\/fiokom\\\/\",\"name\":\"Felhaszn\u00e1l\u00f3i fi\u00f3k - Pizzaphone Kisk\u0151r\u00f6s\",\"isPartOf\":{\"@id\":\"https:\\\/\\\/pizzaphone.hu\\\/kiskoros\\\/#website\"},\"datePublished\":\"2021-04-24T17:51:32+00:00\",\"dateModified\":\"2025-03-17T08:05:46+00:00\",\"breadcrumb\":{\"@id\":\"https:\\\/\\\/pizzaphone.hu\\\/kiskoros\\\/fiokom\\\/#breadcrumb\"},\"inLanguage\":\"hu\",\"potentialAction\":[{\"@type\":\"ReadAction\",\"target\":[\"https:\\\/\\\/pizzaphone.hu\\\/kiskoros\\\/fiokom\\\/\"]}]},{\"@type\":\"BreadcrumbList\",\"@id\":\"https:\\\/\\\/pizzaphone.hu\\\/kiskoros\\\/fiokom\\\/#breadcrumb\",\"itemListElement\":[{\"@type\":\"ListItem\",\"position\":1,\"name\":\"Home\",\"item\":\"https:\\\/\\\/pizzaphone.hu\\\/kiskoros\\\/\"},{\"@type\":\"ListItem\",\"position\":2,\"name\":\"Felhaszn\u00e1l\u00f3i fi\u00f3k\"}]},{\"@type\":\"WebSite\",\"@id\":\"https:\\\/\\\/pizzaphone.hu\\\/kiskoros\\\/#website\",\"url\":\"https:\\\/\\\/pizzaphone.hu\\\/kiskoros\\\/\",\"name\":\"Pizzaphone Kisk\u0151r\u00f6s\",\"description\":\"Pizzaphone 1998 \u00f3ta a legkedveltebb pizz\u00e9ria Kisk\u0151r\u00f6s\u00f6n \u00e9s k\u00f6rny\u00e9k\u00e9n.\",\"publisher\":{\"@id\":\"https:\\\/\\\/pizzaphone.hu\\\/kiskoros\\\/#organization\"},\"potentialAction\":[{\"@type\":\"SearchAction\",\"target\":{\"@type\":\"EntryPoint\",\"urlTemplate\":\"https:\\\/\\\/pizzaphone.hu\\\/kiskoros\\\/?s={search_term_string}\"},\"query-input\":{\"@type\":\"PropertyValueSpecification\",\"valueRequired\":true,\"valueName\":\"search_term_string\"}}],\"inLanguage\":\"hu\"},{\"@type\":\"Organization\",\"@id\":\"https:\\\/\\\/pizzaphone.hu\\\/kiskoros\\\/#organization\",\"name\":\"R\u00f3zsa Plusz Kft.\",\"url\":\"https:\\\/\\\/pizzaphone.hu\\\/kiskoros\\\/\",\"logo\":{\"@type\":\"ImageObject\",\"inLanguage\":\"hu\",\"@id\":\"https:\\\/\\\/pizzaphone.hu\\\/kiskoros\\\/#\\\/schema\\\/logo\\\/image\\\/\",\"url\":\"https:\\\/\\\/pizzaphone.hu\\\/kiskoros\\\/wp-content\\\/uploads\\\/sites\\\/5\\\/2023\\\/11\\\/cropped-pizzaphone_logo_web_kiskoros.png\",\"contentUrl\":\"https:\\\/\\\/pizzaphone.hu\\\/kiskoros\\\/wp-content\\\/uploads\\\/sites\\\/5\\\/2023\\\/11\\\/cropped-pizzaphone_logo_web_kiskoros.png\",\"width\":382,\"height\":60,\"caption\":\"R\u00f3zsa Plusz Kft.\"},\"image\":{\"@id\":\"https:\\\/\\\/pizzaphone.hu\\\/kiskoros\\\/#\\\/schema\\\/logo\\\/image\\\/\"},\"sameAs\":[\"https:\\\/\\\/www.facebook.com\\\/pizzaphone.pizzeria.kiskoros\"]}]}<\/script>\n<!-- \/ Yoast SEO plugin. -->","yoast_head_json":{"title":"Felhaszn\u00e1l\u00f3i fi\u00f3k - Pizzaphone Kisk\u0151r\u00f6s","robots":{"index":"index","follow":"follow","max-snippet":"max-snippet:-1","max-image-preview":"max-image-preview:large","max-video-preview":"max-video-preview:-1"},"canonical":"https:\/\/pizzaphone.hu\/kiskoros\/fiokom\/","og_locale":"hu_HU","og_type":"article","og_title":"Felhaszn\u00e1l\u00f3i fi\u00f3k - Pizzaphone Kisk\u0151r\u00f6s","og_description":"SAJ\u00c1T FI\u00d3K Profil Adatok m\u00f3dos\u00edt\u00e1sa Rendel\u00e9sek C\u00edmek Kijelentkez\u00e9s Profil men\u00fcProfil men\u00fc Profil Adatok m\u00f3dos\u00edt\u00e1sa Rendel\u00e9sek C\u00edmek Kijelentkez\u00e9s Vez\u00e9rl\u0151pult Orders C\u00edmek Kijelentkez\u00e9s Wishlist \u00dcdv, Szab\u00f3 \u00c1d\u00e1m! (nem Szab\u00f3 \u00c1d\u00e1m? Kijelentkez\u00e9s) A fi\u00f3kj\u00e1ban l\u00e1thatja a legut\u00f3bbi rendel\u00e9seit \u00e9s m\u00f3dos\u00edthatja a jelszav\u00e1t \u00e9s a fi\u00f3k adatait. Virtu\u00e1lis T\u00f6rzsk\u00e1rtya &#8211; Egyszer\u0171en \u00e9s K\u00e9nyelmesen A QR-k\u00f3d alap\u00fa virtu\u00e1lis t\u00f6rzsk\u00e1rty\u00e1nkat egyel\u0151re kiz\u00e1r\u00f3lag \u00fczlet\u00fcnk kassz\u00e1in\u00e1l haszn\u00e1lhatod. V\u00e1s\u00e1rl\u00e1skor mutasd fel a telefonodon megjelen\u0151 QR-k\u00f3dot a kassz\u00e1snak, \u00e9s \u00e9lvezd a t\u00f6rzsv\u00e1s\u00e1rl\u00f3i kedvezm\u00e9nyeket! Hogyan m\u0171k\u00f6dik a Virtu\u00e1lis T\u00f6rzsk\u00e1rtya? Mentse el virtu\u00e1lis t\u00f6rzsk\u00e1rty\u00e1j\u00e1t a telefonja Wallet alkalmaz\u00e1s\u00e1ba, \u00e9s v\u00e1s\u00e1rl\u00e1skor egyszer\u0171en mutassa fel a kassz\u00e1snak. A QR-k\u00f3d beolvas\u00e1s\u00e1val \u00e9rv\u00e9nyes\u00edthet\u0151ek a kedvezm\u00e9nyek, kuponok, valamint a pont- vagy \u00f6sszeggy\u0171jt\u00e9s.","og_url":"https:\/\/pizzaphone.hu\/kiskoros\/fiokom\/","og_site_name":"Pizzaphone Kisk\u0151r\u00f6s","article_publisher":"https:\/\/www.facebook.com\/pizzaphone.pizzeria.kiskoros","article_modified_time":"2025-03-17T08:05:46+00:00","twitter_card":"summary_large_image","twitter_misc":{"Becs\u00fclt olvas\u00e1si id\u0151":"1 perc"},"schema":{"@context":"https:\/\/schema.org","@graph":[{"@type":"WebPage","@id":"https:\/\/pizzaphone.hu\/kiskoros\/fiokom\/","url":"https:\/\/pizzaphone.hu\/kiskoros\/fiokom\/","name":"Felhaszn\u00e1l\u00f3i fi\u00f3k - Pizzaphone Kisk\u0151r\u00f6s","isPartOf":{"@id":"https:\/\/pizzaphone.hu\/kiskoros\/#website"},"datePublished":"2021-04-24T17:51:32+00:00","dateModified":"2025-03-17T08:05:46+00:00","breadcrumb":{"@id":"https:\/\/pizzaphone.hu\/kiskoros\/fiokom\/#breadcrumb"},"inLanguage":"hu","potentialAction":[{"@type":"ReadAction","target":["https:\/\/pizzaphone.hu\/kiskoros\/fiokom\/"]}]},{"@type":"BreadcrumbList","@id":"https:\/\/pizzaphone.hu\/kiskoros\/fiokom\/#breadcrumb","itemListElement":[{"@type":"ListItem","position":1,"name":"Home","item":"https:\/\/pizzaphone.hu\/kiskoros\/"},{"@type":"ListItem","position":2,"name":"Felhaszn\u00e1l\u00f3i fi\u00f3k"}]},{"@type":"WebSite","@id":"https:\/\/pizzaphone.hu\/kiskoros\/#website","url":"https:\/\/pizzaphone.hu\/kiskoros\/","name":"Pizzaphone Kisk\u0151r\u00f6s","description":"Pizzaphone 1998 \u00f3ta a legkedveltebb pizz\u00e9ria Kisk\u0151r\u00f6s\u00f6n \u00e9s k\u00f6rny\u00e9k\u00e9n.","publisher":{"@id":"https:\/\/pizzaphone.hu\/kiskoros\/#organization"},"potentialAction":[{"@type":"SearchAction","target":{"@type":"EntryPoint","urlTemplate":"https:\/\/pizzaphone.hu\/kiskoros\/?s={search_term_string}"},"query-input":{"@type":"PropertyValueSpecification","valueRequired":true,"valueName":"search_term_string"}}],"inLanguage":"hu"},{"@type":"Organization","@id":"https:\/\/pizzaphone.hu\/kiskoros\/#organization","name":"R\u00f3zsa Plusz Kft.","url":"https:\/\/pizzaphone.hu\/kiskoros\/","logo":{"@type":"ImageObject","inLanguage":"hu","@id":"https:\/\/pizzaphone.hu\/kiskoros\/#\/schema\/logo\/image\/","url":"https:\/\/pizzaphone.hu\/kiskoros\/wp-content\/uploads\/sites\/5\/2023\/11\/cropped-pizzaphone_logo_web_kiskoros.png","contentUrl":"https:\/\/pizzaphone.hu\/kiskoros\/wp-content\/uploads\/sites\/5\/2023\/11\/cropped-pizzaphone_logo_web_kiskoros.png","width":382,"height":60,"caption":"R\u00f3zsa Plusz Kft."},"image":{"@id":"https:\/\/pizzaphone.hu\/kiskoros\/#\/schema\/logo\/image\/"},"sameAs":["https:\/\/www.facebook.com\/pizzaphone.pizzeria.kiskoros"]}]}},"acf":[],"_links":{"self":[{"href":"https:\/\/pizzaphone.hu\/kiskoros\/wp-json\/wp\/v2\/pages\/48","targetHints":{"allow":["GET"]}}],"collection":[{"href":"https:\/\/pizzaphone.hu\/kiskoros\/wp-json\/wp\/v2\/pages"}],"about":[{"href":"https:\/\/pizzaphone.hu\/kiskoros\/wp-json\/wp\/v2\/types\/page"}],"author":[{"embeddable":true,"href":"https:\/\/pizzaphone.hu\/kiskoros\/wp-json\/wp\/v2\/users\/1"}],"replies":[{"embeddable":true,"href":"https:\/\/pizzaphone.hu\/kiskoros\/wp-json\/wp\/v2\/comments?post=48"}],"version-history":[{"count":11,"href":"https:\/\/pizzaphone.hu\/kiskoros\/wp-json\/wp\/v2\/pages\/48\/revisions"}],"predecessor-version":[{"id":5332,"href":"https:\/\/pizzaphone.hu\/kiskoros\/wp-json\/wp\/v2\/pages\/48\/revisions\/5332"}],"wp:attachment":[{"href":"https:\/\/pizzaphone.hu\/kiskoros\/wp-json\/wp\/v2\/media?parent=48"}],"curies":[{"name":"wp","href":"https:\/\/api.w.org\/{rel}","templated":true}]}}