{"id":209,"date":"2023-10-20T13:45:13","date_gmt":"2023-10-20T11:45:13","guid":{"rendered":"https:\/\/pizzaphone.hu\/kiskoros\/etlap\/6-gyros-salata\/"},"modified":"2026-03-22T20:05:33","modified_gmt":"2026-03-22T19:05:33","slug":"6-gyros-salata","status":"publish","type":"product","link":"https:\/\/pizzaphone.hu\/kiskoros\/etlap\/6-gyros-salata\/","title":{"rendered":"06. Gyros sal\u00e1ta"},"content":{"rendered":"<p>k\u00edgy\u00f3uborka, fokhagyma, tejf\u00f6l, sajt, sonka, sal\u00e1talev\u00e9l, gyrosh\u00fas<\/p>\n","protected":false},"excerpt":{"rendered":"<p>k\u00edgy\u00f3uborka, fokhagyma, tejf\u00f6l, sajt, sonka, sal\u00e1talev\u00e9l, gyrosh\u00fas<\/p>\n","protected":false},"featured_media":3871,"template":"","meta":{"_acf_changed":false,"_monsterinsights_skip_tracking":false,"_monsterinsights_sitenote_active":false,"_monsterinsights_sitenote_note":"","_monsterinsights_sitenote_category":0,"site-sidebar-layout":"default","site-content-layout":"","ast-site-content-layout":"default","site-content-style":"default","site-sidebar-style":"default","ast-global-header-display":"","ast-banner-title-visibility":"","ast-main-header-display":"","ast-hfb-above-header-display":"","ast-hfb-below-header-display":"","ast-hfb-mobile-header-display":"","site-post-title":"","ast-breadcrumbs-content":"","ast-featured-img":"","footer-sml-layout":"","ast-disable-related-posts":"","theme-transparent-header-meta":"","adv-header-id-meta":"","stick-header-meta":"","header-above-stick-meta":"","header-main-stick-meta":"","header-below-stick-meta":"","astra-migrate-meta-layouts":"default","ast-page-background-enabled":"default","ast-page-background-meta":{"desktop":{"background-color":"var(--ast-global-color-5)","background-image":"","background-repeat":"repeat","background-position":"center center","background-size":"auto","background-attachment":"scroll","background-type":"","background-media":"","overlay-type":"","overlay-color":"","overlay-opacity":"","overlay-gradient":""},"tablet":{"background-color":"","background-image":"","background-repeat":"repeat","background-position":"center center","background-size":"auto","background-attachment":"scroll","background-type":"","background-media":"","overlay-type":"","overlay-color":"","overlay-opacity":"","overlay-gradient":""},"mobile":{"background-color":"","background-image":"","background-repeat":"repeat","background-position":"center center","background-size":"auto","background-attachment":"scroll","background-type":"","background-media":"","overlay-type":"","overlay-color":"","overlay-opacity":"","overlay-gradient":""}},"ast-content-background-meta":{"desktop":{"background-color":"var(--ast-global-color-4)","background-image":"","background-repeat":"repeat","background-position":"center center","background-size":"auto","background-attachment":"scroll","background-type":"","background-media":"","overlay-type":"","overlay-color":"","overlay-opacity":"","overlay-gradient":""},"tablet":{"background-color":"var(--ast-global-color-4)","background-image":"","background-repeat":"repeat","background-position":"center center","background-size":"auto","background-attachment":"scroll","background-type":"","background-media":"","overlay-type":"","overlay-color":"","overlay-opacity":"","overlay-gradient":""},"mobile":{"background-color":"var(--ast-global-color-4)","background-image":"","background-repeat":"repeat","background-position":"center center","background-size":"auto","background-attachment":"scroll","background-type":"","background-media":"","overlay-type":"","overlay-color":"","overlay-opacity":"","overlay-gradient":""}}},"product_brand":[],"product_cat":[43],"product_tag":[],"class_list":{"0":"post-209","1":"product","2":"type-product","3":"status-publish","4":"has-post-thumbnail","6":"product_cat-salatak","7":"desktop-align-left","8":"tablet-align-left","9":"mobile-align-left","11":"first","12":"instock","13":"shipping-taxable","14":"product-type-simple"},"yoast_head":"<!-- This site is optimized with the Yoast SEO plugin v27.3 - https:\/\/yoast.com\/product\/yoast-seo-wordpress\/ -->\n<title>06. Gyros sal\u00e1ta - Pizzaphone Kisk\u0151r\u00f6s<\/title>\n<meta name=\"robots\" content=\"index, follow, max-snippet:-1, max-image-preview:large, max-video-preview:-1\" \/>\n<link rel=\"canonical\" href=\"https:\/\/pizzaphone.hu\/kiskoros\/etlap\/6-gyros-salata\/\" \/>\n<meta property=\"og:locale\" content=\"hu_HU\" \/>\n<meta property=\"og:type\" content=\"article\" \/>\n<meta property=\"og:title\" content=\"06. Gyros sal\u00e1ta - Pizzaphone Kisk\u0151r\u00f6s\" \/>\n<meta property=\"og:description\" content=\"k\u00edgy\u00f3uborka, fokhagyma, tejf\u00f6l, sajt, sonka, sal\u00e1talev\u00e9l, gyrosh\u00fas\" \/>\n<meta property=\"og:url\" content=\"https:\/\/pizzaphone.hu\/kiskoros\/etlap\/6-gyros-salata\/\" \/>\n<meta property=\"og:site_name\" content=\"Pizzaphone Kisk\u0151r\u00f6s\" \/>\n<meta property=\"article:publisher\" content=\"https:\/\/www.facebook.com\/pizzaphone.pizzeria.kiskoros\" \/>\n<meta property=\"article:modified_time\" content=\"2026-03-22T19:05:33+00:00\" \/>\n<meta property=\"og:image\" content=\"https:\/\/pizzaphone.hu\/kiskoros\/wp-content\/uploads\/sites\/5\/2023\/10\/giroszsalata.png\" \/>\n\t<meta property=\"og:image:width\" content=\"940\" \/>\n\t<meta property=\"og:image:height\" content=\"788\" \/>\n\t<meta property=\"og:image:type\" content=\"image\/png\" \/>\n<meta name=\"twitter:card\" content=\"summary_large_image\" \/>\n<meta name=\"twitter:label1\" content=\"Becs\u00fclt olvas\u00e1si id\u0151\" \/>\n\t<meta name=\"twitter:data1\" content=\"1 perc\" \/>\n<script type=\"application\/ld+json\" class=\"yoast-schema-graph\">{\"@context\":\"https:\\\/\\\/schema.org\",\"@graph\":[{\"@type\":\"WebPage\",\"@id\":\"https:\\\/\\\/pizzaphone.hu\\\/kiskoros\\\/etlap\\\/6-gyros-salata\\\/\",\"url\":\"https:\\\/\\\/pizzaphone.hu\\\/kiskoros\\\/etlap\\\/6-gyros-salata\\\/\",\"name\":\"06. Gyros sal\u00e1ta - Pizzaphone Kisk\u0151r\u00f6s\",\"isPartOf\":{\"@id\":\"https:\\\/\\\/pizzaphone.hu\\\/kiskoros\\\/#website\"},\"primaryImageOfPage\":{\"@id\":\"https:\\\/\\\/pizzaphone.hu\\\/kiskoros\\\/etlap\\\/6-gyros-salata\\\/#primaryimage\"},\"image\":{\"@id\":\"https:\\\/\\\/pizzaphone.hu\\\/kiskoros\\\/etlap\\\/6-gyros-salata\\\/#primaryimage\"},\"thumbnailUrl\":\"https:\\\/\\\/pizzaphone.hu\\\/kiskoros\\\/wp-content\\\/uploads\\\/sites\\\/5\\\/2023\\\/10\\\/giroszsalata.png\",\"datePublished\":\"2023-10-20T11:45:13+00:00\",\"dateModified\":\"2026-03-22T19:05:33+00:00\",\"breadcrumb\":{\"@id\":\"https:\\\/\\\/pizzaphone.hu\\\/kiskoros\\\/etlap\\\/6-gyros-salata\\\/#breadcrumb\"},\"inLanguage\":\"hu\",\"potentialAction\":[{\"@type\":\"ReadAction\",\"target\":[\"https:\\\/\\\/pizzaphone.hu\\\/kiskoros\\\/etlap\\\/6-gyros-salata\\\/\"]}]},{\"@type\":\"ImageObject\",\"inLanguage\":\"hu\",\"@id\":\"https:\\\/\\\/pizzaphone.hu\\\/kiskoros\\\/etlap\\\/6-gyros-salata\\\/#primaryimage\",\"url\":\"https:\\\/\\\/pizzaphone.hu\\\/kiskoros\\\/wp-content\\\/uploads\\\/sites\\\/5\\\/2023\\\/10\\\/giroszsalata.png\",\"contentUrl\":\"https:\\\/\\\/pizzaphone.hu\\\/kiskoros\\\/wp-content\\\/uploads\\\/sites\\\/5\\\/2023\\\/10\\\/giroszsalata.png\",\"width\":940,\"height\":788},{\"@type\":\"BreadcrumbList\",\"@id\":\"https:\\\/\\\/pizzaphone.hu\\\/kiskoros\\\/etlap\\\/6-gyros-salata\\\/#breadcrumb\",\"itemListElement\":[{\"@type\":\"ListItem\",\"position\":1,\"name\":\"Home\",\"item\":\"https:\\\/\\\/pizzaphone.hu\\\/kiskoros\\\/\"},{\"@type\":\"ListItem\",\"position\":2,\"name\":\"\u00c9tlap\",\"item\":\"https:\\\/\\\/pizzaphone.hu\\\/kiskoros\\\/\"},{\"@type\":\"ListItem\",\"position\":3,\"name\":\"06. Gyros sal\u00e1ta\"}]},{\"@type\":\"WebSite\",\"@id\":\"https:\\\/\\\/pizzaphone.hu\\\/kiskoros\\\/#website\",\"url\":\"https:\\\/\\\/pizzaphone.hu\\\/kiskoros\\\/\",\"name\":\"Pizzaphone Kisk\u0151r\u00f6s\",\"description\":\"Pizzaphone 1998 \u00f3ta a legkedveltebb pizz\u00e9ria Kisk\u0151r\u00f6s\u00f6n \u00e9s k\u00f6rny\u00e9k\u00e9n.\",\"publisher\":{\"@id\":\"https:\\\/\\\/pizzaphone.hu\\\/kiskoros\\\/#organization\"},\"potentialAction\":[{\"@type\":\"SearchAction\",\"target\":{\"@type\":\"EntryPoint\",\"urlTemplate\":\"https:\\\/\\\/pizzaphone.hu\\\/kiskoros\\\/?s={search_term_string}\"},\"query-input\":{\"@type\":\"PropertyValueSpecification\",\"valueRequired\":true,\"valueName\":\"search_term_string\"}}],\"inLanguage\":\"hu\"},{\"@type\":\"Organization\",\"@id\":\"https:\\\/\\\/pizzaphone.hu\\\/kiskoros\\\/#organization\",\"name\":\"R\u00f3zsa Plusz Kft.\",\"url\":\"https:\\\/\\\/pizzaphone.hu\\\/kiskoros\\\/\",\"logo\":{\"@type\":\"ImageObject\",\"inLanguage\":\"hu\",\"@id\":\"https:\\\/\\\/pizzaphone.hu\\\/kiskoros\\\/#\\\/schema\\\/logo\\\/image\\\/\",\"url\":\"https:\\\/\\\/pizzaphone.hu\\\/kiskoros\\\/wp-content\\\/uploads\\\/sites\\\/5\\\/2023\\\/11\\\/cropped-pizzaphone_logo_web_kiskoros.png\",\"contentUrl\":\"https:\\\/\\\/pizzaphone.hu\\\/kiskoros\\\/wp-content\\\/uploads\\\/sites\\\/5\\\/2023\\\/11\\\/cropped-pizzaphone_logo_web_kiskoros.png\",\"width\":382,\"height\":60,\"caption\":\"R\u00f3zsa Plusz Kft.\"},\"image\":{\"@id\":\"https:\\\/\\\/pizzaphone.hu\\\/kiskoros\\\/#\\\/schema\\\/logo\\\/image\\\/\"},\"sameAs\":[\"https:\\\/\\\/www.facebook.com\\\/pizzaphone.pizzeria.kiskoros\"]}]}<\/script>\n<!-- \/ Yoast SEO plugin. -->","yoast_head_json":{"title":"06. Gyros sal\u00e1ta - Pizzaphone Kisk\u0151r\u00f6s","robots":{"index":"index","follow":"follow","max-snippet":"max-snippet:-1","max-image-preview":"max-image-preview:large","max-video-preview":"max-video-preview:-1"},"canonical":"https:\/\/pizzaphone.hu\/kiskoros\/etlap\/6-gyros-salata\/","og_locale":"hu_HU","og_type":"article","og_title":"06. Gyros sal\u00e1ta - Pizzaphone Kisk\u0151r\u00f6s","og_description":"k\u00edgy\u00f3uborka, fokhagyma, tejf\u00f6l, sajt, sonka, sal\u00e1talev\u00e9l, gyrosh\u00fas","og_url":"https:\/\/pizzaphone.hu\/kiskoros\/etlap\/6-gyros-salata\/","og_site_name":"Pizzaphone Kisk\u0151r\u00f6s","article_publisher":"https:\/\/www.facebook.com\/pizzaphone.pizzeria.kiskoros","article_modified_time":"2026-03-22T19:05:33+00:00","og_image":[{"width":940,"height":788,"url":"https:\/\/pizzaphone.hu\/kiskoros\/wp-content\/uploads\/sites\/5\/2023\/10\/giroszsalata.png","type":"image\/png"}],"twitter_card":"summary_large_image","twitter_misc":{"Becs\u00fclt olvas\u00e1si id\u0151":"1 perc"},"schema":{"@context":"https:\/\/schema.org","@graph":[{"@type":"WebPage","@id":"https:\/\/pizzaphone.hu\/kiskoros\/etlap\/6-gyros-salata\/","url":"https:\/\/pizzaphone.hu\/kiskoros\/etlap\/6-gyros-salata\/","name":"06. Gyros sal\u00e1ta - Pizzaphone Kisk\u0151r\u00f6s","isPartOf":{"@id":"https:\/\/pizzaphone.hu\/kiskoros\/#website"},"primaryImageOfPage":{"@id":"https:\/\/pizzaphone.hu\/kiskoros\/etlap\/6-gyros-salata\/#primaryimage"},"image":{"@id":"https:\/\/pizzaphone.hu\/kiskoros\/etlap\/6-gyros-salata\/#primaryimage"},"thumbnailUrl":"https:\/\/pizzaphone.hu\/kiskoros\/wp-content\/uploads\/sites\/5\/2023\/10\/giroszsalata.png","datePublished":"2023-10-20T11:45:13+00:00","dateModified":"2026-03-22T19:05:33+00:00","breadcrumb":{"@id":"https:\/\/pizzaphone.hu\/kiskoros\/etlap\/6-gyros-salata\/#breadcrumb"},"inLanguage":"hu","potentialAction":[{"@type":"ReadAction","target":["https:\/\/pizzaphone.hu\/kiskoros\/etlap\/6-gyros-salata\/"]}]},{"@type":"ImageObject","inLanguage":"hu","@id":"https:\/\/pizzaphone.hu\/kiskoros\/etlap\/6-gyros-salata\/#primaryimage","url":"https:\/\/pizzaphone.hu\/kiskoros\/wp-content\/uploads\/sites\/5\/2023\/10\/giroszsalata.png","contentUrl":"https:\/\/pizzaphone.hu\/kiskoros\/wp-content\/uploads\/sites\/5\/2023\/10\/giroszsalata.png","width":940,"height":788},{"@type":"BreadcrumbList","@id":"https:\/\/pizzaphone.hu\/kiskoros\/etlap\/6-gyros-salata\/#breadcrumb","itemListElement":[{"@type":"ListItem","position":1,"name":"Home","item":"https:\/\/pizzaphone.hu\/kiskoros\/"},{"@type":"ListItem","position":2,"name":"\u00c9tlap","item":"https:\/\/pizzaphone.hu\/kiskoros\/"},{"@type":"ListItem","position":3,"name":"06. Gyros sal\u00e1ta"}]},{"@type":"WebSite","@id":"https:\/\/pizzaphone.hu\/kiskoros\/#website","url":"https:\/\/pizzaphone.hu\/kiskoros\/","name":"Pizzaphone Kisk\u0151r\u00f6s","description":"Pizzaphone 1998 \u00f3ta a legkedveltebb pizz\u00e9ria Kisk\u0151r\u00f6s\u00f6n \u00e9s k\u00f6rny\u00e9k\u00e9n.","publisher":{"@id":"https:\/\/pizzaphone.hu\/kiskoros\/#organization"},"potentialAction":[{"@type":"SearchAction","target":{"@type":"EntryPoint","urlTemplate":"https:\/\/pizzaphone.hu\/kiskoros\/?s={search_term_string}"},"query-input":{"@type":"PropertyValueSpecification","valueRequired":true,"valueName":"search_term_string"}}],"inLanguage":"hu"},{"@type":"Organization","@id":"https:\/\/pizzaphone.hu\/kiskoros\/#organization","name":"R\u00f3zsa Plusz Kft.","url":"https:\/\/pizzaphone.hu\/kiskoros\/","logo":{"@type":"ImageObject","inLanguage":"hu","@id":"https:\/\/pizzaphone.hu\/kiskoros\/#\/schema\/logo\/image\/","url":"https:\/\/pizzaphone.hu\/kiskoros\/wp-content\/uploads\/sites\/5\/2023\/11\/cropped-pizzaphone_logo_web_kiskoros.png","contentUrl":"https:\/\/pizzaphone.hu\/kiskoros\/wp-content\/uploads\/sites\/5\/2023\/11\/cropped-pizzaphone_logo_web_kiskoros.png","width":382,"height":60,"caption":"R\u00f3zsa Plusz Kft."},"image":{"@id":"https:\/\/pizzaphone.hu\/kiskoros\/#\/schema\/logo\/image\/"},"sameAs":["https:\/\/www.facebook.com\/pizzaphone.pizzeria.kiskoros"]}]}},"acf":[],"_links":{"self":[{"href":"https:\/\/pizzaphone.hu\/kiskoros\/wp-json\/wp\/v2\/product\/209","targetHints":{"allow":["GET"]}}],"collection":[{"href":"https:\/\/pizzaphone.hu\/kiskoros\/wp-json\/wp\/v2\/product"}],"about":[{"href":"https:\/\/pizzaphone.hu\/kiskoros\/wp-json\/wp\/v2\/types\/product"}],"wp:featuredmedia":[{"embeddable":true,"href":"https:\/\/pizzaphone.hu\/kiskoros\/wp-json\/wp\/v2\/media\/3871"}],"wp:attachment":[{"href":"https:\/\/pizzaphone.hu\/kiskoros\/wp-json\/wp\/v2\/media?parent=209"}],"wp:term":[{"taxonomy":"product_brand","embeddable":true,"href":"https:\/\/pizzaphone.hu\/kiskoros\/wp-json\/wp\/v2\/product_brand?post=209"},{"taxonomy":"product_cat","embeddable":true,"href":"https:\/\/pizzaphone.hu\/kiskoros\/wp-json\/wp\/v2\/product_cat?post=209"},{"taxonomy":"product_tag","embeddable":true,"href":"https:\/\/pizzaphone.hu\/kiskoros\/wp-json\/wp\/v2\/product_tag?post=209"}],"curies":[{"name":"wp","href":"https:\/\/api.w.org\/{rel}","templated":true}]}}