{"id":48,"date":"2021-04-24T19:51:32","date_gmt":"2021-04-24T17:51:32","guid":{"rendered":"https:\/\/pizzaphone.hu\/kiskunhalas\/fiokom\/"},"modified":"2025-03-17T09:29:14","modified_gmt":"2025-03-17T08:29:14","slug":"fiokom","status":"publish","type":"page","link":"https:\/\/pizzaphone.hu\/kiskunhalas\/fiokom\/","title":{"rendered":"Felhaszn\u00e1l\u00f3i fi\u00f3k"},"content":{"rendered":"\t\t<div data-elementor-type=\"wp-page\" data-elementor-id=\"48\" class=\"elementor elementor-48\">\n\t\t\t\t<div class=\"elementor-element elementor-element-c6bd268 e-flex e-con-boxed wpr-particle-no wpr-jarallax-no wpr-parallax-no wpr-sticky-section-no wpr-equal-height-no e-con e-parent\" data-id=\"c6bd268\" data-element_type=\"container\" data-e-type=\"container\">\n\t\t\t\t\t<div class=\"e-con-inner\">\n\t\t\t\t<div class=\"elementor-element elementor-element-9277200 elementor-widget elementor-widget-heading\" data-id=\"9277200\" data-element_type=\"widget\" data-e-type=\"widget\" data-widget_type=\"heading.default\">\n\t\t\t\t<div class=\"elementor-widget-container\">\n\t\t\t\t\t<h2 class=\"elementor-heading-title elementor-size-default\">SAJ\u00c1T FI\u00d3K<\/h2>\t\t\t\t<\/div>\n\t\t\t\t<\/div>\n\t\t\t\t<div class=\"elementor-element elementor-element-dbaded2 wpr-main-menu-align-center wpr-main-menu-align--mobilecenter wpr-mobile-menu-display-offcanvas wpr-main-menu-align--tabletleft wpr-pointer-underline wpr-pointer-line-fx wpr-pointer-fx-fade wpr-sub-icon-caret-down wpr-sub-menu-fx-fade wpr-nav-menu-bp-tablet wpr-mobile-menu-offcanvas-slide-left wpr-sub-divider-yes elementor-widget elementor-widget-wpr-mega-menu\" data-id=\"dbaded2\" data-element_type=\"widget\" data-e-type=\"widget\" data-settings=\"{&quot;menu_layout&quot;:&quot;horizontal&quot;}\" data-widget_type=\"wpr-mega-menu.default\">\n\t\t\t\t<div class=\"elementor-widget-container\">\n\t\t\t\t\t<nav class=\"wpr-nav-menu-container wpr-mega-menu-container wpr-nav-menu-horizontal\" data-trigger=\"hover\"><ul id=\"menu-1-dbaded2\" class=\"wpr-nav-menu wpr-mega-menu\"><li class=\"menu-item menu-item-type-custom menu-item-object-custom menu-item-5182\"><a href=\"https:\/\/pizzaphone.hu\/kiskunhalas\/fiokom\" class=\"wpr-menu-item wpr-pointer-item\"><span>Profil<\/span><\/a><\/li>\n<li class=\"menu-item menu-item-type-custom menu-item-object-custom menu-item-5181\"><a href=\"https:\/\/pizzaphone.hu\/kiskunhalas\/fiokom\/edit-account\/\" class=\"wpr-menu-item wpr-pointer-item\"><span>Adatok m\u00f3dos\u00edt\u00e1sa<\/span><\/a><\/li>\n<li class=\"menu-item menu-item-type-custom menu-item-object-custom menu-item-5603\"><a href=\"https:\/\/pizzaphone.hu\/kiskunhalas\/fiokom\/edit-address\/\" class=\"wpr-menu-item wpr-pointer-item\"><span>C\u00edmek<\/span><\/a><\/li>\n<li class=\"menu-item menu-item-type-custom menu-item-object-custom menu-item-5602\"><a href=\"https:\/\/pizzaphone.hu\/kiskunhalas\/fiokom\/orders\/\" class=\"wpr-menu-item wpr-pointer-item\"><span>Rendel\u00e9sek<\/span><\/a><\/li>\n<\/ul><\/nav><nav class=\"wpr-mobile-nav-menu-container\"><div class=\"wpr-mobile-toggle-wrap\"><div class=\"wpr-mobile-toggle\"><span class=\"wpr-mobile-toggle-text\">Profil men\u00fc<\/span><span class=\"wpr-mobile-toggle-text\">Profil men\u00fc<\/span><\/div><\/div><div class=\"wpr-mobile-mega-menu-wrap wpr-anim-timing-ease-default\" toggle-backface=\"\"><div class=\"mobile-mega-menu-header\"><i class=\"mobile-mega-menu-close fas fa-times\"><\/i><\/div><ul id=\"mobile-menu-2-dbaded2\" class=\"wpr-mobile-nav-menu wpr-mobile-mega-menu\"><li class=\"menu-item menu-item-type-custom menu-item-object-custom menu-item-5182\"><a href=\"https:\/\/pizzaphone.hu\/kiskunhalas\/fiokom\" class=\"wpr-mobile-menu-item\">Profil<\/a><\/li>\n<li class=\"menu-item menu-item-type-custom menu-item-object-custom menu-item-5181\"><a href=\"https:\/\/pizzaphone.hu\/kiskunhalas\/fiokom\/edit-account\/\" class=\"wpr-mobile-menu-item\">Adatok m\u00f3dos\u00edt\u00e1sa<\/a><\/li>\n<li class=\"menu-item menu-item-type-custom menu-item-object-custom menu-item-5603\"><a href=\"https:\/\/pizzaphone.hu\/kiskunhalas\/fiokom\/edit-address\/\" class=\"wpr-mobile-menu-item\">C\u00edmek<\/a><\/li>\n<li class=\"menu-item menu-item-type-custom menu-item-object-custom menu-item-5602\"><a href=\"https:\/\/pizzaphone.hu\/kiskunhalas\/fiokom\/orders\/\" class=\"wpr-mobile-menu-item\">Rendel\u00e9sek<\/a><\/li>\n<\/ul><\/div><div class=\"wpr-mobile-mega-menu-overlay\"><\/div><\/nav>\t\t\t\t<\/div>\n\t\t\t\t<\/div>\n\t\t\t\t\t<\/div>\n\t\t\t\t<\/div>\n\t\t<div class=\"elementor-element elementor-element-cea7148 e-flex e-con-boxed wpr-particle-no wpr-jarallax-no wpr-parallax-no wpr-sticky-section-no wpr-equal-height-no e-con e-parent\" data-id=\"cea7148\" data-element_type=\"container\" data-e-type=\"container\" data-settings=\"{&quot;background_background&quot;:&quot;classic&quot;}\">\n\t\t\t\t\t<div class=\"e-con-inner\">\n\t\t<div class=\"elementor-element elementor-element-b2b3c66 e-con-full e-flex wpr-particle-no wpr-jarallax-no wpr-parallax-no wpr-sticky-section-no wpr-equal-height-no e-con e-child\" data-id=\"b2b3c66\" data-element_type=\"container\" data-e-type=\"container\" data-settings=\"{&quot;background_background&quot;:&quot;classic&quot;}\">\n\t\t\t\t<div class=\"elementor-element elementor-element-f5a226e wpr-my-account-tabs-vertical elementor-widget elementor-widget-wpr-my-account-pro\" data-id=\"f5a226e\" data-element_type=\"widget\" data-e-type=\"widget\" data-settings=\"{&quot;tab_transition_duration&quot;:0.5}\" data-widget_type=\"wpr-my-account-pro.default\">\n\t\t\t\t<div class=\"elementor-widget-container\">\n\t\t\t\t\t\t\t<div class=\"wpr-my-account-tab wpr-my-account-tab__\">\r\n\t\t\t<div class=\"woocommerce\"><\/div>\t\t<\/div>\r\n\t\t\t\t\t\t<\/div>\n\t\t\t\t<\/div>\n\t\t\t\t<div class=\"elementor-element elementor-element-1b2b60f elementor-hidden-desktop elementor-hidden-tablet elementor-hidden-mobile elementor-widget elementor-widget-heading\" data-id=\"1b2b60f\" data-element_type=\"widget\" data-e-type=\"widget\" data-widget_type=\"heading.default\">\n\t\t\t\t<div class=\"elementor-widget-container\">\n\t\t\t\t\t<h2 class=\"elementor-heading-title elementor-size-default\">Virtu\u00e1lis T\u00f6rzsk\u00e1rtya - Egyszer\u0171en \u00e9s K\u00e9nyelmesen  <\/h2>\t\t\t\t<\/div>\n\t\t\t\t<\/div>\n\t\t\t\t<div class=\"elementor-element elementor-element-5db6f7a elementor-hidden-desktop elementor-hidden-tablet elementor-hidden-mobile elementor-widget elementor-widget-text-editor\" data-id=\"5db6f7a\" data-element_type=\"widget\" data-e-type=\"widget\" data-widget_type=\"text-editor.default\">\n\t\t\t\t<div class=\"elementor-widget-container\">\n\t\t\t\t\t\t\t\t\t<p>A QR-k\u00f3d alap\u00fa virtu\u00e1lis t\u00f6rzsk\u00e1rty\u00e1nkat egyel\u0151re kiz\u00e1r\u00f3lag \u00fczlet\u00fcnk kassz\u00e1in\u00e1l haszn\u00e1lhatod. V\u00e1s\u00e1rl\u00e1skor mutasd fel a telefonodon megjelen\u0151 QR-k\u00f3dot a kassz\u00e1snak, \u00e9s \u00e9lvezd a t\u00f6rzsv\u00e1s\u00e1rl\u00f3i kedvezm\u00e9nyeket!<\/p>\t\t\t\t\t\t\t\t<\/div>\n\t\t\t\t<\/div>\n\t\t\t\t<div class=\"elementor-element elementor-element-195bceb elementor-hidden-desktop elementor-hidden-tablet elementor-hidden-mobile elementor-widget elementor-widget-heading\" data-id=\"195bceb\" data-element_type=\"widget\" data-e-type=\"widget\" data-widget_type=\"heading.default\">\n\t\t\t\t<div class=\"elementor-widget-container\">\n\t\t\t\t\t<h2 class=\"elementor-heading-title elementor-size-default\">Hogyan m\u0171k\u00f6dik a Virtu\u00e1lis T\u00f6rzsk\u00e1rtya?  <\/h2>\t\t\t\t<\/div>\n\t\t\t\t<\/div>\n\t\t\t\t<div class=\"elementor-element elementor-element-3fb910f elementor-hidden-desktop elementor-hidden-tablet elementor-hidden-mobile elementor-widget elementor-widget-text-editor\" data-id=\"3fb910f\" data-element_type=\"widget\" data-e-type=\"widget\" data-widget_type=\"text-editor.default\">\n\t\t\t\t<div class=\"elementor-widget-container\">\n\t\t\t\t\t\t\t\t\t<p>Mentse el virtu\u00e1lis t\u00f6rzsk\u00e1rty\u00e1j\u00e1t a telefonja Wallet alkalmaz\u00e1s\u00e1ba, \u00e9s v\u00e1s\u00e1rl\u00e1skor egyszer\u0171en mutassa fel a kassz\u00e1snak. A QR-k\u00f3d beolvas\u00e1s\u00e1val \u00e9rv\u00e9nyes\u00edthet\u0151ek a kedvezm\u00e9nyek, kuponok, valamint a pont- vagy \u00f6sszeggy\u0171jt\u00e9s.<\/p>\t\t\t\t\t\t\t\t<\/div>\n\t\t\t\t<\/div>\n\t\t\t\t<div class=\"elementor-element elementor-element-d51893e elementor-widget-divider--view-line elementor-widget elementor-widget-divider\" data-id=\"d51893e\" data-element_type=\"widget\" data-e-type=\"widget\" data-widget_type=\"divider.default\">\n\t\t\t\t<div class=\"elementor-widget-container\">\n\t\t\t\t\t\t\t<div class=\"elementor-divider\">\n\t\t\t<span class=\"elementor-divider-separator\">\n\t\t\t\t\t\t<\/span>\n\t\t<\/div>\n\t\t\t\t\t\t<\/div>\n\t\t\t\t<\/div>\n\t\t\t\t<\/div>\n\t\t\t\t\t<\/div>\n\t\t\t\t<\/div>\n\t\t\t\t<\/div>\n\t\t","protected":false},"excerpt":{"rendered":"<p>SAJ\u00c1T FI\u00d3K Profil Adatok m\u00f3dos\u00edt\u00e1sa C\u00edmek Rendel\u00e9sek Kijelentkez\u00e9s Profil men\u00fcProfil men\u00fc Profil Adatok m\u00f3dos\u00edt\u00e1sa C\u00edmek Rendel\u00e9sek Kijelentkez\u00e9s Vez\u00e9rl\u0151pult orders addresses Kijelentkez\u00e9s Wishlist \u00dcdv, Szab\u00f3 \u00c1d\u00e1m! (nem Szab\u00f3 \u00c1d\u00e1m? Kijelentkez\u00e9s) A fi\u00f3kj\u00e1ban l\u00e1thatja a legut\u00f3bbi rendel\u00e9seit \u00e9s m\u00f3dos\u00edthatja a jelszav\u00e1t \u00e9s a fi\u00f3k adatait. Virtu\u00e1lis T\u00f6rzsk\u00e1rtya &#8211; Egyszer\u0171en \u00e9s K\u00e9nyelmesen A QR-k\u00f3d alap\u00fa virtu\u00e1lis t\u00f6rzsk\u00e1rty\u00e1nkat egyel\u0151re kiz\u00e1r\u00f3lag \u00fczlet\u00fcnk kassz\u00e1in\u00e1l haszn\u00e1lhatod. V\u00e1s\u00e1rl\u00e1skor mutasd fel a telefonodon megjelen\u0151 QR-k\u00f3dot a kassz\u00e1snak, \u00e9s \u00e9lvezd a t\u00f6rzsv\u00e1s\u00e1rl\u00f3i kedvezm\u00e9nyeket! Hogyan m\u0171k\u00f6dik a Virtu\u00e1lis T\u00f6rzsk\u00e1rtya? Mentse el virtu\u00e1lis t\u00f6rzsk\u00e1rty\u00e1j\u00e1t a telefonja Wallet alkalmaz\u00e1s\u00e1ba, \u00e9s v\u00e1s\u00e1rl\u00e1skor egyszer\u0171en mutassa fel a kassz\u00e1snak. A QR-k\u00f3d beolvas\u00e1s\u00e1val \u00e9rv\u00e9nyes\u00edthet\u0151ek a kedvezm\u00e9nyek, kuponok, valamint a pont- vagy \u00f6sszeggy\u0171jt\u00e9s.<\/p>\n","protected":false},"author":1,"featured_media":0,"parent":0,"menu_order":0,"comment_status":"closed","ping_status":"closed","template":"","meta":{"_acf_changed":false,"_monsterinsights_skip_tracking":false,"_monsterinsights_sitenote_active":false,"_monsterinsights_sitenote_note":"","_monsterinsights_sitenote_category":0,"footnotes":""},"class_list":["post-48","page","type-page","status-publish","hentry"],"yoast_head":"<!-- This site is optimized with the Yoast SEO plugin v27.4 - https:\/\/yoast.com\/product\/yoast-seo-wordpress\/ -->\n<title>Felhaszn\u00e1l\u00f3i fi\u00f3k - Pizzaphone Kiskunhalas<\/title>\n<meta name=\"robots\" content=\"noindex, follow, max-snippet:-1, max-image-preview:large, max-video-preview:-1\" \/>\n<meta property=\"og:locale\" content=\"hu_HU\" \/>\n<meta property=\"og:type\" content=\"article\" \/>\n<meta property=\"og:title\" content=\"Felhaszn\u00e1l\u00f3i fi\u00f3k - Pizzaphone Kiskunhalas\" \/>\n<meta property=\"og:description\" content=\"SAJ\u00c1T FI\u00d3K Profil Adatok m\u00f3dos\u00edt\u00e1sa C\u00edmek Rendel\u00e9sek Kijelentkez\u00e9s Profil men\u00fcProfil men\u00fc Profil Adatok m\u00f3dos\u00edt\u00e1sa C\u00edmek Rendel\u00e9sek Kijelentkez\u00e9s Vez\u00e9rl\u0151pult orders addresses Kijelentkez\u00e9s Wishlist \u00dcdv, Szab\u00f3 \u00c1d\u00e1m! (nem Szab\u00f3 \u00c1d\u00e1m? Kijelentkez\u00e9s) A fi\u00f3kj\u00e1ban l\u00e1thatja a legut\u00f3bbi rendel\u00e9seit \u00e9s m\u00f3dos\u00edthatja a jelszav\u00e1t \u00e9s a fi\u00f3k adatait. Virtu\u00e1lis T\u00f6rzsk\u00e1rtya &#8211; Egyszer\u0171en \u00e9s K\u00e9nyelmesen A QR-k\u00f3d alap\u00fa virtu\u00e1lis t\u00f6rzsk\u00e1rty\u00e1nkat egyel\u0151re kiz\u00e1r\u00f3lag \u00fczlet\u00fcnk kassz\u00e1in\u00e1l haszn\u00e1lhatod. V\u00e1s\u00e1rl\u00e1skor mutasd fel a telefonodon megjelen\u0151 QR-k\u00f3dot a kassz\u00e1snak, \u00e9s \u00e9lvezd a t\u00f6rzsv\u00e1s\u00e1rl\u00f3i kedvezm\u00e9nyeket! Hogyan m\u0171k\u00f6dik a Virtu\u00e1lis T\u00f6rzsk\u00e1rtya? Mentse el virtu\u00e1lis t\u00f6rzsk\u00e1rty\u00e1j\u00e1t a telefonja Wallet alkalmaz\u00e1s\u00e1ba, \u00e9s v\u00e1s\u00e1rl\u00e1skor egyszer\u0171en mutassa fel a kassz\u00e1snak. A QR-k\u00f3d beolvas\u00e1s\u00e1val \u00e9rv\u00e9nyes\u00edthet\u0151ek a kedvezm\u00e9nyek, kuponok, valamint a pont- vagy \u00f6sszeggy\u0171jt\u00e9s.\" \/>\n<meta property=\"og:url\" content=\"https:\/\/pizzaphone.hu\/kiskunhalas\/fiokom\/\" \/>\n<meta property=\"og:site_name\" content=\"Pizzaphone Kiskunhalas\" \/>\n<meta property=\"article:publisher\" content=\"https:\/\/www.facebook.com\/profile.php?id=100057404591403\" \/>\n<meta property=\"article:modified_time\" content=\"2025-03-17T08:29:14+00:00\" \/>\n<meta name=\"twitter:card\" content=\"summary_large_image\" \/>\n<meta name=\"twitter:label1\" content=\"Becs\u00fclt olvas\u00e1si id\u0151\" \/>\n\t<meta name=\"twitter:data1\" content=\"1 perc\" \/>\n<script type=\"application\/ld+json\" class=\"yoast-schema-graph\">{\"@context\":\"https:\\\/\\\/schema.org\",\"@graph\":[{\"@type\":\"WebPage\",\"@id\":\"https:\\\/\\\/pizzaphone.hu\\\/kiskunhalas\\\/fiokom\\\/\",\"url\":\"https:\\\/\\\/pizzaphone.hu\\\/kiskunhalas\\\/fiokom\\\/\",\"name\":\"Felhaszn\u00e1l\u00f3i fi\u00f3k - Pizzaphone Kiskunhalas\",\"isPartOf\":{\"@id\":\"https:\\\/\\\/pizzaphone.hu\\\/kiskunhalas\\\/#website\"},\"datePublished\":\"2021-04-24T17:51:32+00:00\",\"dateModified\":\"2025-03-17T08:29:14+00:00\",\"breadcrumb\":{\"@id\":\"https:\\\/\\\/pizzaphone.hu\\\/kiskunhalas\\\/fiokom\\\/#breadcrumb\"},\"inLanguage\":\"hu\",\"potentialAction\":[{\"@type\":\"ReadAction\",\"target\":[\"https:\\\/\\\/pizzaphone.hu\\\/kiskunhalas\\\/fiokom\\\/\"]}]},{\"@type\":\"BreadcrumbList\",\"@id\":\"https:\\\/\\\/pizzaphone.hu\\\/kiskunhalas\\\/fiokom\\\/#breadcrumb\",\"itemListElement\":[{\"@type\":\"ListItem\",\"position\":1,\"name\":\"Home\",\"item\":\"https:\\\/\\\/pizzaphone.hu\\\/kiskunhalas\\\/\"},{\"@type\":\"ListItem\",\"position\":2,\"name\":\"Felhaszn\u00e1l\u00f3i fi\u00f3k\"}]},{\"@type\":\"WebSite\",\"@id\":\"https:\\\/\\\/pizzaphone.hu\\\/kiskunhalas\\\/#website\",\"url\":\"https:\\\/\\\/pizzaphone.hu\\\/kiskunhalas\\\/\",\"name\":\"Pizzaphone Kiskunhalas\",\"description\":\"Pizzaphone 1998 \u00f3ta a legkedveltebb pizz\u00e9ria Kisk\u0151r\u00f6s\u00f6n \u00e9s k\u00f6rny\u00e9k\u00e9n.\",\"publisher\":{\"@id\":\"https:\\\/\\\/pizzaphone.hu\\\/kiskunhalas\\\/#organization\"},\"potentialAction\":[{\"@type\":\"SearchAction\",\"target\":{\"@type\":\"EntryPoint\",\"urlTemplate\":\"https:\\\/\\\/pizzaphone.hu\\\/kiskunhalas\\\/?s={search_term_string}\"},\"query-input\":{\"@type\":\"PropertyValueSpecification\",\"valueRequired\":true,\"valueName\":\"search_term_string\"}}],\"inLanguage\":\"hu\"},{\"@type\":\"Organization\",\"@id\":\"https:\\\/\\\/pizzaphone.hu\\\/kiskunhalas\\\/#organization\",\"name\":\"R\u00f3zsa Plusz Kft.\",\"url\":\"https:\\\/\\\/pizzaphone.hu\\\/kiskunhalas\\\/\",\"logo\":{\"@type\":\"ImageObject\",\"inLanguage\":\"hu\",\"@id\":\"https:\\\/\\\/pizzaphone.hu\\\/kiskunhalas\\\/#\\\/schema\\\/logo\\\/image\\\/\",\"url\":\"https:\\\/\\\/pizzaphone.hu\\\/kiskunhalas\\\/wp-content\\\/uploads\\\/sites\\\/2\\\/2023\\\/11\\\/cropped-cropped-pizzaphone_logo_web_kiskunhalas.png\",\"contentUrl\":\"https:\\\/\\\/pizzaphone.hu\\\/kiskunhalas\\\/wp-content\\\/uploads\\\/sites\\\/2\\\/2023\\\/11\\\/cropped-cropped-pizzaphone_logo_web_kiskunhalas.png\",\"width\":382,\"height\":60,\"caption\":\"R\u00f3zsa Plusz Kft.\"},\"image\":{\"@id\":\"https:\\\/\\\/pizzaphone.hu\\\/kiskunhalas\\\/#\\\/schema\\\/logo\\\/image\\\/\"},\"sameAs\":[\"https:\\\/\\\/www.facebook.com\\\/profile.php?id=100057404591403\"]}]}<\/script>\n<!-- \/ Yoast SEO plugin. -->","yoast_head_json":{"title":"Felhaszn\u00e1l\u00f3i fi\u00f3k - Pizzaphone Kiskunhalas","robots":{"index":"noindex","follow":"follow","max-snippet":"max-snippet:-1","max-image-preview":"max-image-preview:large","max-video-preview":"max-video-preview:-1"},"og_locale":"hu_HU","og_type":"article","og_title":"Felhaszn\u00e1l\u00f3i fi\u00f3k - Pizzaphone Kiskunhalas","og_description":"SAJ\u00c1T FI\u00d3K Profil Adatok m\u00f3dos\u00edt\u00e1sa C\u00edmek Rendel\u00e9sek Kijelentkez\u00e9s Profil men\u00fcProfil men\u00fc Profil Adatok m\u00f3dos\u00edt\u00e1sa C\u00edmek Rendel\u00e9sek Kijelentkez\u00e9s Vez\u00e9rl\u0151pult orders addresses Kijelentkez\u00e9s Wishlist \u00dcdv, Szab\u00f3 \u00c1d\u00e1m! (nem Szab\u00f3 \u00c1d\u00e1m? Kijelentkez\u00e9s) A fi\u00f3kj\u00e1ban l\u00e1thatja a legut\u00f3bbi rendel\u00e9seit \u00e9s m\u00f3dos\u00edthatja a jelszav\u00e1t \u00e9s a fi\u00f3k adatait. Virtu\u00e1lis T\u00f6rzsk\u00e1rtya &#8211; Egyszer\u0171en \u00e9s K\u00e9nyelmesen A QR-k\u00f3d alap\u00fa virtu\u00e1lis t\u00f6rzsk\u00e1rty\u00e1nkat egyel\u0151re kiz\u00e1r\u00f3lag \u00fczlet\u00fcnk kassz\u00e1in\u00e1l haszn\u00e1lhatod. V\u00e1s\u00e1rl\u00e1skor mutasd fel a telefonodon megjelen\u0151 QR-k\u00f3dot a kassz\u00e1snak, \u00e9s \u00e9lvezd a t\u00f6rzsv\u00e1s\u00e1rl\u00f3i kedvezm\u00e9nyeket! Hogyan m\u0171k\u00f6dik a Virtu\u00e1lis T\u00f6rzsk\u00e1rtya? Mentse el virtu\u00e1lis t\u00f6rzsk\u00e1rty\u00e1j\u00e1t a telefonja Wallet alkalmaz\u00e1s\u00e1ba, \u00e9s v\u00e1s\u00e1rl\u00e1skor egyszer\u0171en mutassa fel a kassz\u00e1snak. A QR-k\u00f3d beolvas\u00e1s\u00e1val \u00e9rv\u00e9nyes\u00edthet\u0151ek a kedvezm\u00e9nyek, kuponok, valamint a pont- vagy \u00f6sszeggy\u0171jt\u00e9s.","og_url":"https:\/\/pizzaphone.hu\/kiskunhalas\/fiokom\/","og_site_name":"Pizzaphone Kiskunhalas","article_publisher":"https:\/\/www.facebook.com\/profile.php?id=100057404591403","article_modified_time":"2025-03-17T08:29:14+00:00","twitter_card":"summary_large_image","twitter_misc":{"Becs\u00fclt olvas\u00e1si id\u0151":"1 perc"},"schema":{"@context":"https:\/\/schema.org","@graph":[{"@type":"WebPage","@id":"https:\/\/pizzaphone.hu\/kiskunhalas\/fiokom\/","url":"https:\/\/pizzaphone.hu\/kiskunhalas\/fiokom\/","name":"Felhaszn\u00e1l\u00f3i fi\u00f3k - Pizzaphone Kiskunhalas","isPartOf":{"@id":"https:\/\/pizzaphone.hu\/kiskunhalas\/#website"},"datePublished":"2021-04-24T17:51:32+00:00","dateModified":"2025-03-17T08:29:14+00:00","breadcrumb":{"@id":"https:\/\/pizzaphone.hu\/kiskunhalas\/fiokom\/#breadcrumb"},"inLanguage":"hu","potentialAction":[{"@type":"ReadAction","target":["https:\/\/pizzaphone.hu\/kiskunhalas\/fiokom\/"]}]},{"@type":"BreadcrumbList","@id":"https:\/\/pizzaphone.hu\/kiskunhalas\/fiokom\/#breadcrumb","itemListElement":[{"@type":"ListItem","position":1,"name":"Home","item":"https:\/\/pizzaphone.hu\/kiskunhalas\/"},{"@type":"ListItem","position":2,"name":"Felhaszn\u00e1l\u00f3i fi\u00f3k"}]},{"@type":"WebSite","@id":"https:\/\/pizzaphone.hu\/kiskunhalas\/#website","url":"https:\/\/pizzaphone.hu\/kiskunhalas\/","name":"Pizzaphone Kiskunhalas","description":"Pizzaphone 1998 \u00f3ta a legkedveltebb pizz\u00e9ria Kisk\u0151r\u00f6s\u00f6n \u00e9s k\u00f6rny\u00e9k\u00e9n.","publisher":{"@id":"https:\/\/pizzaphone.hu\/kiskunhalas\/#organization"},"potentialAction":[{"@type":"SearchAction","target":{"@type":"EntryPoint","urlTemplate":"https:\/\/pizzaphone.hu\/kiskunhalas\/?s={search_term_string}"},"query-input":{"@type":"PropertyValueSpecification","valueRequired":true,"valueName":"search_term_string"}}],"inLanguage":"hu"},{"@type":"Organization","@id":"https:\/\/pizzaphone.hu\/kiskunhalas\/#organization","name":"R\u00f3zsa Plusz Kft.","url":"https:\/\/pizzaphone.hu\/kiskunhalas\/","logo":{"@type":"ImageObject","inLanguage":"hu","@id":"https:\/\/pizzaphone.hu\/kiskunhalas\/#\/schema\/logo\/image\/","url":"https:\/\/pizzaphone.hu\/kiskunhalas\/wp-content\/uploads\/sites\/2\/2023\/11\/cropped-cropped-pizzaphone_logo_web_kiskunhalas.png","contentUrl":"https:\/\/pizzaphone.hu\/kiskunhalas\/wp-content\/uploads\/sites\/2\/2023\/11\/cropped-cropped-pizzaphone_logo_web_kiskunhalas.png","width":382,"height":60,"caption":"R\u00f3zsa Plusz Kft."},"image":{"@id":"https:\/\/pizzaphone.hu\/kiskunhalas\/#\/schema\/logo\/image\/"},"sameAs":["https:\/\/www.facebook.com\/profile.php?id=100057404591403"]}]}},"acf":[],"_links":{"self":[{"href":"https:\/\/pizzaphone.hu\/kiskunhalas\/wp-json\/wp\/v2\/pages\/48","targetHints":{"allow":["GET"]}}],"collection":[{"href":"https:\/\/pizzaphone.hu\/kiskunhalas\/wp-json\/wp\/v2\/pages"}],"about":[{"href":"https:\/\/pizzaphone.hu\/kiskunhalas\/wp-json\/wp\/v2\/types\/page"}],"author":[{"embeddable":true,"href":"https:\/\/pizzaphone.hu\/kiskunhalas\/wp-json\/wp\/v2\/users\/1"}],"replies":[{"embeddable":true,"href":"https:\/\/pizzaphone.hu\/kiskunhalas\/wp-json\/wp\/v2\/comments?post=48"}],"version-history":[{"count":10,"href":"https:\/\/pizzaphone.hu\/kiskunhalas\/wp-json\/wp\/v2\/pages\/48\/revisions"}],"predecessor-version":[{"id":5680,"href":"https:\/\/pizzaphone.hu\/kiskunhalas\/wp-json\/wp\/v2\/pages\/48\/revisions\/5680"}],"wp:attachment":[{"href":"https:\/\/pizzaphone.hu\/kiskunhalas\/wp-json\/wp\/v2\/media?parent=48"}],"curies":[{"name":"wp","href":"https:\/\/api.w.org\/{rel}","templated":true}]}}