{"id":328,"date":"2025-02-20T10:04:40","date_gmt":"2025-02-20T09:04:40","guid":{"rendered":"https:\/\/pizzaphone.hu\/kiskunhalas\/etlap\/57-kovon-sult-szalamis-pizza\/"},"modified":"2026-03-22T20:05:55","modified_gmt":"2026-03-22T19:05:55","slug":"57-kovon-sult-szalamis-pizza","status":"publish","type":"product","link":"https:\/\/pizzaphone.hu\/kiskunhalas\/etlap\/57-kovon-sult-szalamis-pizza\/","title":{"rendered":"57. K\u00f6v\u00f6n s\u00fclt szal\u00e1mis pizza"},"content":{"rendered":"<p>paradicsomsz\u00f3sz, sajt, szal\u00e1mi, morzsolt oreg\u00e1n\u00f3 (nem szab\u00e1lyos k\u00f6r alak\u00fa, 30 cm, v\u00e9kony t\u00e9szt\u00e1s pizza)<\/p>\n","protected":false},"excerpt":{"rendered":"<p>paradicsomsz\u00f3sz, sajt, szal\u00e1mi, morzsolt oreg\u00e1n\u00f3 (nem szab\u00e1lyos k\u00f6r alak\u00fa, 30 cm, v\u00e9kony t\u00e9szt\u00e1s pizza)<\/p>\n","protected":false},"featured_media":1872,"template":"","meta":{"_acf_changed":false,"_monsterinsights_skip_tracking":false,"_monsterinsights_sitenote_active":false,"_monsterinsights_sitenote_note":"","_monsterinsights_sitenote_category":0},"product_brand":[],"product_cat":[28],"product_tag":[],"class_list":{"0":"post-328","1":"product","2":"type-product","3":"status-publish","4":"has-post-thumbnail","6":"product_cat-kovon-sult-pizzak","8":"first","9":"instock","10":"shipping-taxable","11":"purchasable","12":"product-type-simple"},"yoast_head":"<!-- This site is optimized with the Yoast SEO plugin v27.4 - https:\/\/yoast.com\/product\/yoast-seo-wordpress\/ -->\n<title>57. K\u00f6v\u00f6n s\u00fclt szal\u00e1mis pizza - Pizzaphone Kiskunhalas<\/title>\n<meta name=\"robots\" content=\"noindex, follow, max-snippet:-1, max-image-preview:large, max-video-preview:-1\" \/>\n<meta property=\"og:locale\" content=\"hu_HU\" \/>\n<meta property=\"og:type\" content=\"article\" \/>\n<meta property=\"og:title\" content=\"57. K\u00f6v\u00f6n s\u00fclt szal\u00e1mis pizza - Pizzaphone Kiskunhalas\" \/>\n<meta property=\"og:description\" content=\"paradicsomsz\u00f3sz, sajt, szal\u00e1mi, morzsolt oreg\u00e1n\u00f3 (nem szab\u00e1lyos k\u00f6r alak\u00fa, 30 cm, v\u00e9kony t\u00e9szt\u00e1s pizza)\" \/>\n<meta property=\"og:url\" content=\"https:\/\/pizzaphone.hu\/kiskunhalas\/etlap\/57-kovon-sult-szalamis-pizza\/\" \/>\n<meta property=\"og:site_name\" content=\"Pizzaphone Kiskunhalas\" \/>\n<meta property=\"article:publisher\" content=\"https:\/\/www.facebook.com\/profile.php?id=100057404591403\" \/>\n<meta property=\"article:modified_time\" content=\"2026-03-22T19:05:55+00:00\" \/>\n<meta property=\"og:image\" content=\"https:\/\/pizzaphone.hu\/kiskunhalas\/wp-content\/uploads\/sites\/2\/2024\/03\/Szalamis.png\" \/>\n\t<meta property=\"og:image:width\" content=\"940\" \/>\n\t<meta property=\"og:image:height\" content=\"788\" \/>\n\t<meta property=\"og:image:type\" content=\"image\/png\" \/>\n<meta name=\"twitter:card\" content=\"summary_large_image\" \/>\n<script type=\"application\/ld+json\" class=\"yoast-schema-graph\">{\"@context\":\"https:\\\/\\\/schema.org\",\"@graph\":[{\"@type\":\"WebPage\",\"@id\":\"https:\\\/\\\/pizzaphone.hu\\\/kiskunhalas\\\/etlap\\\/57-kovon-sult-szalamis-pizza\\\/\",\"url\":\"https:\\\/\\\/pizzaphone.hu\\\/kiskunhalas\\\/etlap\\\/57-kovon-sult-szalamis-pizza\\\/\",\"name\":\"57. K\u00f6v\u00f6n s\u00fclt szal\u00e1mis pizza - Pizzaphone Kiskunhalas\",\"isPartOf\":{\"@id\":\"https:\\\/\\\/pizzaphone.hu\\\/kiskunhalas\\\/#website\"},\"primaryImageOfPage\":{\"@id\":\"https:\\\/\\\/pizzaphone.hu\\\/kiskunhalas\\\/etlap\\\/57-kovon-sult-szalamis-pizza\\\/#primaryimage\"},\"image\":{\"@id\":\"https:\\\/\\\/pizzaphone.hu\\\/kiskunhalas\\\/etlap\\\/57-kovon-sult-szalamis-pizza\\\/#primaryimage\"},\"thumbnailUrl\":\"https:\\\/\\\/pizzaphone.hu\\\/kiskunhalas\\\/wp-content\\\/uploads\\\/sites\\\/2\\\/2024\\\/03\\\/Szalamis.png\",\"datePublished\":\"2025-02-20T09:04:40+00:00\",\"dateModified\":\"2026-03-22T19:05:55+00:00\",\"breadcrumb\":{\"@id\":\"https:\\\/\\\/pizzaphone.hu\\\/kiskunhalas\\\/etlap\\\/57-kovon-sult-szalamis-pizza\\\/#breadcrumb\"},\"inLanguage\":\"hu\",\"potentialAction\":[{\"@type\":\"ReadAction\",\"target\":[\"https:\\\/\\\/pizzaphone.hu\\\/kiskunhalas\\\/etlap\\\/57-kovon-sult-szalamis-pizza\\\/\"]}]},{\"@type\":\"ImageObject\",\"inLanguage\":\"hu\",\"@id\":\"https:\\\/\\\/pizzaphone.hu\\\/kiskunhalas\\\/etlap\\\/57-kovon-sult-szalamis-pizza\\\/#primaryimage\",\"url\":\"https:\\\/\\\/pizzaphone.hu\\\/kiskunhalas\\\/wp-content\\\/uploads\\\/sites\\\/2\\\/2024\\\/03\\\/Szalamis.png\",\"contentUrl\":\"https:\\\/\\\/pizzaphone.hu\\\/kiskunhalas\\\/wp-content\\\/uploads\\\/sites\\\/2\\\/2024\\\/03\\\/Szalamis.png\",\"width\":940,\"height\":788},{\"@type\":\"BreadcrumbList\",\"@id\":\"https:\\\/\\\/pizzaphone.hu\\\/kiskunhalas\\\/etlap\\\/57-kovon-sult-szalamis-pizza\\\/#breadcrumb\",\"itemListElement\":[{\"@type\":\"ListItem\",\"position\":1,\"name\":\"Home\",\"item\":\"https:\\\/\\\/pizzaphone.hu\\\/kiskunhalas\\\/\"},{\"@type\":\"ListItem\",\"position\":2,\"name\":\"\u00c9tlap\",\"item\":\"https:\\\/\\\/pizzaphone.hu\\\/kiskunhalas\\\/\"},{\"@type\":\"ListItem\",\"position\":3,\"name\":\"57. K\u00f6v\u00f6n s\u00fclt szal\u00e1mis pizza\"}]},{\"@type\":\"WebSite\",\"@id\":\"https:\\\/\\\/pizzaphone.hu\\\/kiskunhalas\\\/#website\",\"url\":\"https:\\\/\\\/pizzaphone.hu\\\/kiskunhalas\\\/\",\"name\":\"Pizzaphone Kiskunhalas\",\"description\":\"Pizzaphone 1998 \u00f3ta a legkedveltebb pizz\u00e9ria Kisk\u0151r\u00f6s\u00f6n \u00e9s k\u00f6rny\u00e9k\u00e9n.\",\"publisher\":{\"@id\":\"https:\\\/\\\/pizzaphone.hu\\\/kiskunhalas\\\/#organization\"},\"potentialAction\":[{\"@type\":\"SearchAction\",\"target\":{\"@type\":\"EntryPoint\",\"urlTemplate\":\"https:\\\/\\\/pizzaphone.hu\\\/kiskunhalas\\\/?s={search_term_string}\"},\"query-input\":{\"@type\":\"PropertyValueSpecification\",\"valueRequired\":true,\"valueName\":\"search_term_string\"}}],\"inLanguage\":\"hu\"},{\"@type\":\"Organization\",\"@id\":\"https:\\\/\\\/pizzaphone.hu\\\/kiskunhalas\\\/#organization\",\"name\":\"R\u00f3zsa Plusz Kft.\",\"url\":\"https:\\\/\\\/pizzaphone.hu\\\/kiskunhalas\\\/\",\"logo\":{\"@type\":\"ImageObject\",\"inLanguage\":\"hu\",\"@id\":\"https:\\\/\\\/pizzaphone.hu\\\/kiskunhalas\\\/#\\\/schema\\\/logo\\\/image\\\/\",\"url\":\"https:\\\/\\\/pizzaphone.hu\\\/kiskunhalas\\\/wp-content\\\/uploads\\\/sites\\\/2\\\/2023\\\/11\\\/cropped-cropped-pizzaphone_logo_web_kiskunhalas.png\",\"contentUrl\":\"https:\\\/\\\/pizzaphone.hu\\\/kiskunhalas\\\/wp-content\\\/uploads\\\/sites\\\/2\\\/2023\\\/11\\\/cropped-cropped-pizzaphone_logo_web_kiskunhalas.png\",\"width\":382,\"height\":60,\"caption\":\"R\u00f3zsa Plusz Kft.\"},\"image\":{\"@id\":\"https:\\\/\\\/pizzaphone.hu\\\/kiskunhalas\\\/#\\\/schema\\\/logo\\\/image\\\/\"},\"sameAs\":[\"https:\\\/\\\/www.facebook.com\\\/profile.php?id=100057404591403\"]}]}<\/script>\n<!-- \/ Yoast SEO plugin. -->","yoast_head_json":{"title":"57. K\u00f6v\u00f6n s\u00fclt szal\u00e1mis pizza - Pizzaphone Kiskunhalas","robots":{"index":"noindex","follow":"follow","max-snippet":"max-snippet:-1","max-image-preview":"max-image-preview:large","max-video-preview":"max-video-preview:-1"},"og_locale":"hu_HU","og_type":"article","og_title":"57. K\u00f6v\u00f6n s\u00fclt szal\u00e1mis pizza - Pizzaphone Kiskunhalas","og_description":"paradicsomsz\u00f3sz, sajt, szal\u00e1mi, morzsolt oreg\u00e1n\u00f3 (nem szab\u00e1lyos k\u00f6r alak\u00fa, 30 cm, v\u00e9kony t\u00e9szt\u00e1s pizza)","og_url":"https:\/\/pizzaphone.hu\/kiskunhalas\/etlap\/57-kovon-sult-szalamis-pizza\/","og_site_name":"Pizzaphone Kiskunhalas","article_publisher":"https:\/\/www.facebook.com\/profile.php?id=100057404591403","article_modified_time":"2026-03-22T19:05:55+00:00","og_image":[{"width":940,"height":788,"url":"https:\/\/pizzaphone.hu\/kiskunhalas\/wp-content\/uploads\/sites\/2\/2024\/03\/Szalamis.png","type":"image\/png"}],"twitter_card":"summary_large_image","schema":{"@context":"https:\/\/schema.org","@graph":[{"@type":"WebPage","@id":"https:\/\/pizzaphone.hu\/kiskunhalas\/etlap\/57-kovon-sult-szalamis-pizza\/","url":"https:\/\/pizzaphone.hu\/kiskunhalas\/etlap\/57-kovon-sult-szalamis-pizza\/","name":"57. K\u00f6v\u00f6n s\u00fclt szal\u00e1mis pizza - Pizzaphone Kiskunhalas","isPartOf":{"@id":"https:\/\/pizzaphone.hu\/kiskunhalas\/#website"},"primaryImageOfPage":{"@id":"https:\/\/pizzaphone.hu\/kiskunhalas\/etlap\/57-kovon-sult-szalamis-pizza\/#primaryimage"},"image":{"@id":"https:\/\/pizzaphone.hu\/kiskunhalas\/etlap\/57-kovon-sult-szalamis-pizza\/#primaryimage"},"thumbnailUrl":"https:\/\/pizzaphone.hu\/kiskunhalas\/wp-content\/uploads\/sites\/2\/2024\/03\/Szalamis.png","datePublished":"2025-02-20T09:04:40+00:00","dateModified":"2026-03-22T19:05:55+00:00","breadcrumb":{"@id":"https:\/\/pizzaphone.hu\/kiskunhalas\/etlap\/57-kovon-sult-szalamis-pizza\/#breadcrumb"},"inLanguage":"hu","potentialAction":[{"@type":"ReadAction","target":["https:\/\/pizzaphone.hu\/kiskunhalas\/etlap\/57-kovon-sult-szalamis-pizza\/"]}]},{"@type":"ImageObject","inLanguage":"hu","@id":"https:\/\/pizzaphone.hu\/kiskunhalas\/etlap\/57-kovon-sult-szalamis-pizza\/#primaryimage","url":"https:\/\/pizzaphone.hu\/kiskunhalas\/wp-content\/uploads\/sites\/2\/2024\/03\/Szalamis.png","contentUrl":"https:\/\/pizzaphone.hu\/kiskunhalas\/wp-content\/uploads\/sites\/2\/2024\/03\/Szalamis.png","width":940,"height":788},{"@type":"BreadcrumbList","@id":"https:\/\/pizzaphone.hu\/kiskunhalas\/etlap\/57-kovon-sult-szalamis-pizza\/#breadcrumb","itemListElement":[{"@type":"ListItem","position":1,"name":"Home","item":"https:\/\/pizzaphone.hu\/kiskunhalas\/"},{"@type":"ListItem","position":2,"name":"\u00c9tlap","item":"https:\/\/pizzaphone.hu\/kiskunhalas\/"},{"@type":"ListItem","position":3,"name":"57. K\u00f6v\u00f6n s\u00fclt szal\u00e1mis pizza"}]},{"@type":"WebSite","@id":"https:\/\/pizzaphone.hu\/kiskunhalas\/#website","url":"https:\/\/pizzaphone.hu\/kiskunhalas\/","name":"Pizzaphone Kiskunhalas","description":"Pizzaphone 1998 \u00f3ta a legkedveltebb pizz\u00e9ria Kisk\u0151r\u00f6s\u00f6n \u00e9s k\u00f6rny\u00e9k\u00e9n.","publisher":{"@id":"https:\/\/pizzaphone.hu\/kiskunhalas\/#organization"},"potentialAction":[{"@type":"SearchAction","target":{"@type":"EntryPoint","urlTemplate":"https:\/\/pizzaphone.hu\/kiskunhalas\/?s={search_term_string}"},"query-input":{"@type":"PropertyValueSpecification","valueRequired":true,"valueName":"search_term_string"}}],"inLanguage":"hu"},{"@type":"Organization","@id":"https:\/\/pizzaphone.hu\/kiskunhalas\/#organization","name":"R\u00f3zsa Plusz Kft.","url":"https:\/\/pizzaphone.hu\/kiskunhalas\/","logo":{"@type":"ImageObject","inLanguage":"hu","@id":"https:\/\/pizzaphone.hu\/kiskunhalas\/#\/schema\/logo\/image\/","url":"https:\/\/pizzaphone.hu\/kiskunhalas\/wp-content\/uploads\/sites\/2\/2023\/11\/cropped-cropped-pizzaphone_logo_web_kiskunhalas.png","contentUrl":"https:\/\/pizzaphone.hu\/kiskunhalas\/wp-content\/uploads\/sites\/2\/2023\/11\/cropped-cropped-pizzaphone_logo_web_kiskunhalas.png","width":382,"height":60,"caption":"R\u00f3zsa Plusz Kft."},"image":{"@id":"https:\/\/pizzaphone.hu\/kiskunhalas\/#\/schema\/logo\/image\/"},"sameAs":["https:\/\/www.facebook.com\/profile.php?id=100057404591403"]}]}},"acf":[],"_links":{"self":[{"href":"https:\/\/pizzaphone.hu\/kiskunhalas\/wp-json\/wp\/v2\/product\/328","targetHints":{"allow":["GET"]}}],"collection":[{"href":"https:\/\/pizzaphone.hu\/kiskunhalas\/wp-json\/wp\/v2\/product"}],"about":[{"href":"https:\/\/pizzaphone.hu\/kiskunhalas\/wp-json\/wp\/v2\/types\/product"}],"wp:featuredmedia":[{"embeddable":true,"href":"https:\/\/pizzaphone.hu\/kiskunhalas\/wp-json\/wp\/v2\/media\/1872"}],"wp:attachment":[{"href":"https:\/\/pizzaphone.hu\/kiskunhalas\/wp-json\/wp\/v2\/media?parent=328"}],"wp:term":[{"taxonomy":"product_brand","embeddable":true,"href":"https:\/\/pizzaphone.hu\/kiskunhalas\/wp-json\/wp\/v2\/product_brand?post=328"},{"taxonomy":"product_cat","embeddable":true,"href":"https:\/\/pizzaphone.hu\/kiskunhalas\/wp-json\/wp\/v2\/product_cat?post=328"},{"taxonomy":"product_tag","embeddable":true,"href":"https:\/\/pizzaphone.hu\/kiskunhalas\/wp-json\/wp\/v2\/product_tag?post=328"}],"curies":[{"name":"wp","href":"https:\/\/api.w.org\/{rel}","templated":true}]}}