{"id":563,"date":"2023-10-24T10:02:44","date_gmt":"2023-10-24T08:02:44","guid":{"rendered":"https:\/\/pizzaphone.hu\/kiskunhalas\/etlap\/78-jenna-ortegaorias\/"},"modified":"2026-03-19T10:37:31","modified_gmt":"2026-03-19T09:37:31","slug":"78-jenna-ortegaorias","status":"publish","type":"product","link":"https:\/\/pizzaphone.hu\/kiskunhalas\/etlap\/78-jenna-ortegaorias\/","title":{"rendered":"78. Jenna Ortega \u00f3ri\u00e1s"},"content":{"rendered":"<p>sajtkr\u00e9m, csirkemell\u00a0 cs\u00edkok, sajt, szalonna, gomba, jalapeno paprika<\/p>\n","protected":false},"excerpt":{"rendered":"<p>sajtkr\u00e9m, csirkemell\u00a0 cs\u00edkok, sajt, szalonna, gomba, jalapeno paprika<\/p>\n","protected":false},"featured_media":1127,"template":"","meta":{"_acf_changed":false,"_monsterinsights_skip_tracking":false,"_monsterinsights_sitenote_active":false,"_monsterinsights_sitenote_note":"","_monsterinsights_sitenote_category":0},"product_brand":[],"product_cat":[30],"product_tag":[],"class_list":{"0":"post-563","1":"product","2":"type-product","3":"status-publish","4":"has-post-thumbnail","6":"product_cat-orias-pizzak","8":"first","9":"instock","10":"shipping-taxable","11":"purchasable","12":"product-type-simple"},"yoast_head":"<!-- This site is optimized with the Yoast SEO plugin v27.4 - https:\/\/yoast.com\/product\/yoast-seo-wordpress\/ -->\n<title>78. Jenna Ortega \u00f3ri\u00e1s - Pizzaphone Kiskunhalas<\/title>\n<meta name=\"robots\" content=\"noindex, follow, max-snippet:-1, max-image-preview:large, max-video-preview:-1\" \/>\n<meta property=\"og:locale\" content=\"hu_HU\" \/>\n<meta property=\"og:type\" content=\"article\" \/>\n<meta property=\"og:title\" content=\"78. Jenna Ortega \u00f3ri\u00e1s - Pizzaphone Kiskunhalas\" \/>\n<meta property=\"og:description\" content=\"sajtkr\u00e9m, csirkemell\u00a0 cs\u00edkok, sajt, szalonna, gomba, jalapeno paprika\" \/>\n<meta property=\"og:url\" content=\"https:\/\/pizzaphone.hu\/kiskunhalas\/etlap\/78-jenna-ortegaorias\/\" \/>\n<meta property=\"og:site_name\" content=\"Pizzaphone Kiskunhalas\" \/>\n<meta property=\"article:publisher\" content=\"https:\/\/www.facebook.com\/profile.php?id=100057404591403\" \/>\n<meta property=\"article:modified_time\" content=\"2026-03-19T09:37:31+00:00\" \/>\n<meta property=\"og:image\" content=\"https:\/\/pizzaphone.hu\/kiskunhalas\/wp-content\/uploads\/sites\/2\/2023\/10\/JennaOrtega.png\" \/>\n\t<meta property=\"og:image:width\" content=\"940\" \/>\n\t<meta property=\"og:image:height\" content=\"788\" \/>\n\t<meta property=\"og:image:type\" content=\"image\/png\" \/>\n<meta name=\"twitter:card\" content=\"summary_large_image\" \/>\n<script type=\"application\/ld+json\" class=\"yoast-schema-graph\">{\"@context\":\"https:\\\/\\\/schema.org\",\"@graph\":[{\"@type\":\"WebPage\",\"@id\":\"https:\\\/\\\/pizzaphone.hu\\\/kiskunhalas\\\/etlap\\\/78-jenna-ortegaorias\\\/\",\"url\":\"https:\\\/\\\/pizzaphone.hu\\\/kiskunhalas\\\/etlap\\\/78-jenna-ortegaorias\\\/\",\"name\":\"78. Jenna Ortega \u00f3ri\u00e1s - Pizzaphone Kiskunhalas\",\"isPartOf\":{\"@id\":\"https:\\\/\\\/pizzaphone.hu\\\/kiskunhalas\\\/#website\"},\"primaryImageOfPage\":{\"@id\":\"https:\\\/\\\/pizzaphone.hu\\\/kiskunhalas\\\/etlap\\\/78-jenna-ortegaorias\\\/#primaryimage\"},\"image\":{\"@id\":\"https:\\\/\\\/pizzaphone.hu\\\/kiskunhalas\\\/etlap\\\/78-jenna-ortegaorias\\\/#primaryimage\"},\"thumbnailUrl\":\"https:\\\/\\\/pizzaphone.hu\\\/kiskunhalas\\\/wp-content\\\/uploads\\\/sites\\\/2\\\/2023\\\/10\\\/JennaOrtega.png\",\"datePublished\":\"2023-10-24T08:02:44+00:00\",\"dateModified\":\"2026-03-19T09:37:31+00:00\",\"breadcrumb\":{\"@id\":\"https:\\\/\\\/pizzaphone.hu\\\/kiskunhalas\\\/etlap\\\/78-jenna-ortegaorias\\\/#breadcrumb\"},\"inLanguage\":\"hu\",\"potentialAction\":[{\"@type\":\"ReadAction\",\"target\":[\"https:\\\/\\\/pizzaphone.hu\\\/kiskunhalas\\\/etlap\\\/78-jenna-ortegaorias\\\/\"]}]},{\"@type\":\"ImageObject\",\"inLanguage\":\"hu\",\"@id\":\"https:\\\/\\\/pizzaphone.hu\\\/kiskunhalas\\\/etlap\\\/78-jenna-ortegaorias\\\/#primaryimage\",\"url\":\"https:\\\/\\\/pizzaphone.hu\\\/kiskunhalas\\\/wp-content\\\/uploads\\\/sites\\\/2\\\/2023\\\/10\\\/JennaOrtega.png\",\"contentUrl\":\"https:\\\/\\\/pizzaphone.hu\\\/kiskunhalas\\\/wp-content\\\/uploads\\\/sites\\\/2\\\/2023\\\/10\\\/JennaOrtega.png\",\"width\":940,\"height\":788},{\"@type\":\"BreadcrumbList\",\"@id\":\"https:\\\/\\\/pizzaphone.hu\\\/kiskunhalas\\\/etlap\\\/78-jenna-ortegaorias\\\/#breadcrumb\",\"itemListElement\":[{\"@type\":\"ListItem\",\"position\":1,\"name\":\"Home\",\"item\":\"https:\\\/\\\/pizzaphone.hu\\\/kiskunhalas\\\/\"},{\"@type\":\"ListItem\",\"position\":2,\"name\":\"\u00c9tlap\",\"item\":\"https:\\\/\\\/pizzaphone.hu\\\/kiskunhalas\\\/\"},{\"@type\":\"ListItem\",\"position\":3,\"name\":\"78. Jenna Ortega \u00f3ri\u00e1s\"}]},{\"@type\":\"WebSite\",\"@id\":\"https:\\\/\\\/pizzaphone.hu\\\/kiskunhalas\\\/#website\",\"url\":\"https:\\\/\\\/pizzaphone.hu\\\/kiskunhalas\\\/\",\"name\":\"Pizzaphone Kiskunhalas\",\"description\":\"Pizzaphone 1998 \u00f3ta a legkedveltebb pizz\u00e9ria Kisk\u0151r\u00f6s\u00f6n \u00e9s k\u00f6rny\u00e9k\u00e9n.\",\"publisher\":{\"@id\":\"https:\\\/\\\/pizzaphone.hu\\\/kiskunhalas\\\/#organization\"},\"potentialAction\":[{\"@type\":\"SearchAction\",\"target\":{\"@type\":\"EntryPoint\",\"urlTemplate\":\"https:\\\/\\\/pizzaphone.hu\\\/kiskunhalas\\\/?s={search_term_string}\"},\"query-input\":{\"@type\":\"PropertyValueSpecification\",\"valueRequired\":true,\"valueName\":\"search_term_string\"}}],\"inLanguage\":\"hu\"},{\"@type\":\"Organization\",\"@id\":\"https:\\\/\\\/pizzaphone.hu\\\/kiskunhalas\\\/#organization\",\"name\":\"R\u00f3zsa Plusz Kft.\",\"url\":\"https:\\\/\\\/pizzaphone.hu\\\/kiskunhalas\\\/\",\"logo\":{\"@type\":\"ImageObject\",\"inLanguage\":\"hu\",\"@id\":\"https:\\\/\\\/pizzaphone.hu\\\/kiskunhalas\\\/#\\\/schema\\\/logo\\\/image\\\/\",\"url\":\"https:\\\/\\\/pizzaphone.hu\\\/kiskunhalas\\\/wp-content\\\/uploads\\\/sites\\\/2\\\/2023\\\/11\\\/cropped-cropped-pizzaphone_logo_web_kiskunhalas.png\",\"contentUrl\":\"https:\\\/\\\/pizzaphone.hu\\\/kiskunhalas\\\/wp-content\\\/uploads\\\/sites\\\/2\\\/2023\\\/11\\\/cropped-cropped-pizzaphone_logo_web_kiskunhalas.png\",\"width\":382,\"height\":60,\"caption\":\"R\u00f3zsa Plusz Kft.\"},\"image\":{\"@id\":\"https:\\\/\\\/pizzaphone.hu\\\/kiskunhalas\\\/#\\\/schema\\\/logo\\\/image\\\/\"},\"sameAs\":[\"https:\\\/\\\/www.facebook.com\\\/profile.php?id=100057404591403\"]}]}<\/script>\n<!-- \/ Yoast SEO plugin. -->","yoast_head_json":{"title":"78. Jenna Ortega \u00f3ri\u00e1s - Pizzaphone Kiskunhalas","robots":{"index":"noindex","follow":"follow","max-snippet":"max-snippet:-1","max-image-preview":"max-image-preview:large","max-video-preview":"max-video-preview:-1"},"og_locale":"hu_HU","og_type":"article","og_title":"78. Jenna Ortega \u00f3ri\u00e1s - Pizzaphone Kiskunhalas","og_description":"sajtkr\u00e9m, csirkemell\u00a0 cs\u00edkok, sajt, szalonna, gomba, jalapeno paprika","og_url":"https:\/\/pizzaphone.hu\/kiskunhalas\/etlap\/78-jenna-ortegaorias\/","og_site_name":"Pizzaphone Kiskunhalas","article_publisher":"https:\/\/www.facebook.com\/profile.php?id=100057404591403","article_modified_time":"2026-03-19T09:37:31+00:00","og_image":[{"width":940,"height":788,"url":"https:\/\/pizzaphone.hu\/kiskunhalas\/wp-content\/uploads\/sites\/2\/2023\/10\/JennaOrtega.png","type":"image\/png"}],"twitter_card":"summary_large_image","schema":{"@context":"https:\/\/schema.org","@graph":[{"@type":"WebPage","@id":"https:\/\/pizzaphone.hu\/kiskunhalas\/etlap\/78-jenna-ortegaorias\/","url":"https:\/\/pizzaphone.hu\/kiskunhalas\/etlap\/78-jenna-ortegaorias\/","name":"78. Jenna Ortega \u00f3ri\u00e1s - Pizzaphone Kiskunhalas","isPartOf":{"@id":"https:\/\/pizzaphone.hu\/kiskunhalas\/#website"},"primaryImageOfPage":{"@id":"https:\/\/pizzaphone.hu\/kiskunhalas\/etlap\/78-jenna-ortegaorias\/#primaryimage"},"image":{"@id":"https:\/\/pizzaphone.hu\/kiskunhalas\/etlap\/78-jenna-ortegaorias\/#primaryimage"},"thumbnailUrl":"https:\/\/pizzaphone.hu\/kiskunhalas\/wp-content\/uploads\/sites\/2\/2023\/10\/JennaOrtega.png","datePublished":"2023-10-24T08:02:44+00:00","dateModified":"2026-03-19T09:37:31+00:00","breadcrumb":{"@id":"https:\/\/pizzaphone.hu\/kiskunhalas\/etlap\/78-jenna-ortegaorias\/#breadcrumb"},"inLanguage":"hu","potentialAction":[{"@type":"ReadAction","target":["https:\/\/pizzaphone.hu\/kiskunhalas\/etlap\/78-jenna-ortegaorias\/"]}]},{"@type":"ImageObject","inLanguage":"hu","@id":"https:\/\/pizzaphone.hu\/kiskunhalas\/etlap\/78-jenna-ortegaorias\/#primaryimage","url":"https:\/\/pizzaphone.hu\/kiskunhalas\/wp-content\/uploads\/sites\/2\/2023\/10\/JennaOrtega.png","contentUrl":"https:\/\/pizzaphone.hu\/kiskunhalas\/wp-content\/uploads\/sites\/2\/2023\/10\/JennaOrtega.png","width":940,"height":788},{"@type":"BreadcrumbList","@id":"https:\/\/pizzaphone.hu\/kiskunhalas\/etlap\/78-jenna-ortegaorias\/#breadcrumb","itemListElement":[{"@type":"ListItem","position":1,"name":"Home","item":"https:\/\/pizzaphone.hu\/kiskunhalas\/"},{"@type":"ListItem","position":2,"name":"\u00c9tlap","item":"https:\/\/pizzaphone.hu\/kiskunhalas\/"},{"@type":"ListItem","position":3,"name":"78. Jenna Ortega \u00f3ri\u00e1s"}]},{"@type":"WebSite","@id":"https:\/\/pizzaphone.hu\/kiskunhalas\/#website","url":"https:\/\/pizzaphone.hu\/kiskunhalas\/","name":"Pizzaphone Kiskunhalas","description":"Pizzaphone 1998 \u00f3ta a legkedveltebb pizz\u00e9ria Kisk\u0151r\u00f6s\u00f6n \u00e9s k\u00f6rny\u00e9k\u00e9n.","publisher":{"@id":"https:\/\/pizzaphone.hu\/kiskunhalas\/#organization"},"potentialAction":[{"@type":"SearchAction","target":{"@type":"EntryPoint","urlTemplate":"https:\/\/pizzaphone.hu\/kiskunhalas\/?s={search_term_string}"},"query-input":{"@type":"PropertyValueSpecification","valueRequired":true,"valueName":"search_term_string"}}],"inLanguage":"hu"},{"@type":"Organization","@id":"https:\/\/pizzaphone.hu\/kiskunhalas\/#organization","name":"R\u00f3zsa Plusz Kft.","url":"https:\/\/pizzaphone.hu\/kiskunhalas\/","logo":{"@type":"ImageObject","inLanguage":"hu","@id":"https:\/\/pizzaphone.hu\/kiskunhalas\/#\/schema\/logo\/image\/","url":"https:\/\/pizzaphone.hu\/kiskunhalas\/wp-content\/uploads\/sites\/2\/2023\/11\/cropped-cropped-pizzaphone_logo_web_kiskunhalas.png","contentUrl":"https:\/\/pizzaphone.hu\/kiskunhalas\/wp-content\/uploads\/sites\/2\/2023\/11\/cropped-cropped-pizzaphone_logo_web_kiskunhalas.png","width":382,"height":60,"caption":"R\u00f3zsa Plusz Kft."},"image":{"@id":"https:\/\/pizzaphone.hu\/kiskunhalas\/#\/schema\/logo\/image\/"},"sameAs":["https:\/\/www.facebook.com\/profile.php?id=100057404591403"]}]}},"acf":[],"_links":{"self":[{"href":"https:\/\/pizzaphone.hu\/kiskunhalas\/wp-json\/wp\/v2\/product\/563","targetHints":{"allow":["GET"]}}],"collection":[{"href":"https:\/\/pizzaphone.hu\/kiskunhalas\/wp-json\/wp\/v2\/product"}],"about":[{"href":"https:\/\/pizzaphone.hu\/kiskunhalas\/wp-json\/wp\/v2\/types\/product"}],"wp:featuredmedia":[{"embeddable":true,"href":"https:\/\/pizzaphone.hu\/kiskunhalas\/wp-json\/wp\/v2\/media\/1127"}],"wp:attachment":[{"href":"https:\/\/pizzaphone.hu\/kiskunhalas\/wp-json\/wp\/v2\/media?parent=563"}],"wp:term":[{"taxonomy":"product_brand","embeddable":true,"href":"https:\/\/pizzaphone.hu\/kiskunhalas\/wp-json\/wp\/v2\/product_brand?post=563"},{"taxonomy":"product_cat","embeddable":true,"href":"https:\/\/pizzaphone.hu\/kiskunhalas\/wp-json\/wp\/v2\/product_cat?post=563"},{"taxonomy":"product_tag","embeddable":true,"href":"https:\/\/pizzaphone.hu\/kiskunhalas\/wp-json\/wp\/v2\/product_tag?post=563"}],"curies":[{"name":"wp","href":"https:\/\/api.w.org\/{rel}","templated":true}]}}